{"id":6621,"date":"2024-07-01T13:18:27","date_gmt":"2024-07-01T11:18:27","guid":{"rendered":"https:\/\/fundaciojuliomunozramonet.org\/galeria-imatges\/"},"modified":"2024-07-31T09:36:01","modified_gmt":"2024-07-31T07:36:01","slug":"galeria-imatges","status":"publish","type":"page","link":"https:\/\/fundaciojuliomunozramonet.org\/es\/galeria-imatges\/","title":{"rendered":"Galeria imatges"},"content":{"rendered":"<p>[et_pb_section fb_built=\u00bb1&#8243; _builder_version=\u00bb4.24.2&#8243; _module_preset=\u00bbdefault\u00bb global_colors_info=\u00bb{}\u00bb][et_pb_row _builder_version=\u00bb4.24.2&#8243; _module_preset=\u00bbdefault\u00bb global_colors_info=\u00bb{}\u00bb][et_pb_column type=\u00bb4_4&#8243; _builder_version=\u00bb4.24.2&#8243; _module_preset=\u00bbdefault\u00bb global_colors_info=\u00bb{}\u00bb][et_pb_gallery gallery_ids=\u00bb6448,6478,6475,6481,6472,6469,6466,6463,6460,6457,6454,6451&#8243; fullwidth=\u00bbon\u00bb admin_label=\u00bb Conferencia\u00bb _builder_version=\u00bb4.24.2&#8243; _module_preset=\u00bbdefault\u00bb border_radii=\u00bboff||10px||\u00bb global_colors_info=\u00bb{}\u00bb][\/et_pb_gallery][\/et_pb_column][\/et_pb_row][et_pb_row _builder_version=\u00bb4.24.2&#8243; _module_preset=\u00bbdefault\u00bb global_colors_info=\u00bb{}\u00bb][et_pb_column type=\u00bb4_4&#8243; _builder_version=\u00bb4.24.2&#8243; _module_preset=\u00bbdefault\u00bb global_colors_info=\u00bb{}\u00bb][et_pb_gallery gallery_ids=\u00bb6559,6562,6568,6565,6571,6574,6577,6580,6583,6586&#8243; fullwidth=\u00bbon\u00bb admin_label=\u00bbSera paisaje\u00bb _builder_version=\u00bb4.24.2&#8243; _module_preset=\u00bbdefault\u00bb border_radii=\u00bboff||10px||\u00bb global_colors_info=\u00bb{}\u00bb][\/et_pb_gallery][\/et_pb_column][\/et_pb_row][et_pb_row _builder_version=\u00bb4.24.2&#8243; _module_preset=\u00bbdefault\u00bb global_colors_info=\u00bb{}\u00bb][et_pb_column type=\u00bb4_4&#8243; _builder_version=\u00bb4.24.2&#8243; _module_preset=\u00bbdefault\u00bb global_colors_info=\u00bb{}\u00bb][et_pb_gallery gallery_ids=\u00bb6819,6792,6816,6813,6810,6807,6804,6801,6798,6795&#8243; fullwidth=\u00bbon\u00bb admin_label=\u00bbCossos d&#8217;aigua\u00bb _builder_version=\u00bb4.24.2&#8243; _module_preset=\u00bbdefault\u00bb border_radii=\u00bboff||10px||\u00bb global_colors_info=\u00bb{}\u00bb][\/et_pb_gallery][\/et_pb_column][\/et_pb_row][et_pb_row _builder_version=\u00bb4.24.2&#8243; _module_preset=\u00bbdefault\u00bb global_colors_info=\u00bb{}\u00bb][et_pb_column type=\u00bb4_4&#8243; _builder_version=\u00bb4.24.2&#8243; _module_preset=\u00bbdefault\u00bb global_colors_info=\u00bb{}\u00bb][et_pb_gallery gallery_ids=\u00bb6873,6876,6879,6910,6885,6888,6891,6894,6897,6900,6903,6906&#8243; fullwidth=\u00bbon\u00bb admin_label=\u00bbA beira d&#8217;agua\u00bb _builder_version=\u00bb4.24.2&#8243; _module_preset=\u00bbdefault\u00bb border_radii=\u00bboff||10px||\u00bb global_colors_info=\u00bb{}\u00bb][\/et_pb_gallery][\/et_pb_column][\/et_pb_row][et_pb_row _builder_version=\u00bb4.24.2&#8243; _module_preset=\u00bbdefault\u00bb global_colors_info=\u00bb{}\u00bb][et_pb_column type=\u00bb4_4&#8243; _builder_version=\u00bb4.24.2&#8243; _module_preset=\u00bbdefault\u00bb global_colors_info=\u00bb{}\u00bb][et_pb_gallery gallery_ids=\u00bb6924,6927,6930,6933,6936,6939,6942,6945,6948,6951&#8243; fullwidth=\u00bbon\u00bb admin_label=\u00bbAquaverso\u00bb _builder_version=\u00bb4.24.2&#8243; _module_preset=\u00bbdefault\u00bb hover_enabled=\u00bb0&#8243; border_radii=\u00bboff||10px||\u00bb global_colors_info=\u00bb{}\u00bb sticky_enabled=\u00bb0&#8243;][\/et_pb_gallery][\/et_pb_column][\/et_pb_row][et_pb_row _builder_version=\u00bb4.24.2&#8243; _module_preset=\u00bbdefault\u00bb global_colors_info=\u00bb{}\u00bb][et_pb_column type=\u00bb4_4&#8243; _builder_version=\u00bb4.24.2&#8243; _module_preset=\u00bbdefault\u00bb global_colors_info=\u00bb{}\u00bb][et_pb_gallery gallery_ids=\u00bb6968,6971,6974,6977,6980,6983,6986,6989,6992,6995,6998,7001,7004,7007,7010&#8243; fullwidth=\u00bbon\u00bb admin_label=\u00bbAcademia Marshall\u00bb _builder_version=\u00bb4.24.2&#8243; _module_preset=\u00bbdefault\u00bb border_radii=\u00bboff||10px||\u00bb global_colors_info=\u00bb{}\u00bb][\/et_pb_gallery][\/et_pb_column][\/et_pb_row][et_pb_row _builder_version=\u00bb4.24.2&#8243; _module_preset=\u00bbdefault\u00bb global_colors_info=\u00bb{}\u00bb][et_pb_column type=\u00bb4_4&#8243; _builder_version=\u00bb4.24.2&#8243; _module_preset=\u00bbdefault\u00bb global_colors_info=\u00bb{}\u00bb][et_pb_gallery gallery_ids=\u00bb7023,7026,7029,7032,7035,7038,7041,7044,7047,7050,7053,7056&#8243; fullwidth=\u00bbon\u00bb admin_label=\u00bbOn, com, aigua?\u00bb _builder_version=\u00bb4.24.2&#8243; _module_preset=\u00bbdefault\u00bb border_radii=\u00bboff||10px||\u00bb global_colors_info=\u00bb{}\u00bb][\/et_pb_gallery][\/et_pb_column][\/et_pb_row][et_pb_row _builder_version=\u00bb4.24.2&#8243; _module_preset=\u00bbdefault\u00bb global_colors_info=\u00bb{}\u00bb][et_pb_column type=\u00bb4_4&#8243; _builder_version=\u00bb4.24.2&#8243; _module_preset=\u00bbdefault\u00bb global_colors_info=\u00bb{}\u00bb][et_pb_gallery gallery_ids=\u00bb7077,7074,7080,7083,7086,7089,7092,7095,7098,7101,7104,7107&#8243; fullwidth=\u00bbon\u00bb admin_label=\u00bbPapers d&#8217;aigua\u00bb _builder_version=\u00bb4.24.2&#8243; _module_preset=\u00bbdefault\u00bb border_radii=\u00bboff||10px||\u00bb global_colors_info=\u00bb{}\u00bb][\/et_pb_gallery][\/et_pb_column][\/et_pb_row][et_pb_row _builder_version=\u00bb4.24.2&#8243; _module_preset=\u00bbdefault\u00bb global_colors_info=\u00bb{}\u00bb][et_pb_column type=\u00bb4_4&#8243; _builder_version=\u00bb4.24.2&#8243; _module_preset=\u00bbdefault\u00bb global_colors_info=\u00bb{}\u00bb][et_pb_gallery gallery_ids=\u00bb7121,7124,7127,7130,7133,7136,7139,7142,7145,7148&#8243; fullwidth=\u00bbon\u00bb admin_label=\u00bbAnd It Rained 1000 Years\u00bb _builder_version=\u00bb4.24.2&#8243; _module_preset=\u00bbdefault\u00bb hover_enabled=\u00bb0&#8243; border_radii=\u00bboff||10px||\u00bb global_colors_info=\u00bb{}\u00bb sticky_enabled=\u00bb0&#8243;][\/et_pb_gallery][\/et_pb_column][\/et_pb_row][et_pb_row _builder_version=\u00bb4.24.2&#8243; _module_preset=\u00bbdefault\u00bb global_colors_info=\u00bb{}\u00bb][et_pb_column type=\u00bb4_4&#8243; _builder_version=\u00bb4.24.2&#8243; _module_preset=\u00bbdefault\u00bb global_colors_info=\u00bb{}\u00bb][et_pb_gallery gallery_ids=\u00bb7188,7191,7194,7212,7209,7197,7200,7203,7206,7215&#8243; fullwidth=\u00bbon\u00bb admin_label=\u00bbMemoria del mar\u00bb _builder_version=\u00bb4.24.2&#8243; _module_preset=\u00bbdefault\u00bb hover_enabled=\u00bb0&#8243; border_radii=\u00bboff||10px||\u00bb global_colors_info=\u00bb{}\u00bb sticky_enabled=\u00bb0&#8243;][\/et_pb_gallery][\/et_pb_column][\/et_pb_row][et_pb_row _builder_version=\u00bb4.24.2&#8243; _module_preset=\u00bbdefault\u00bb global_colors_info=\u00bb{}\u00bb][et_pb_column type=\u00bb4_4&#8243; _builder_version=\u00bb4.24.2&#8243; _module_preset=\u00bbdefault\u00bb global_colors_info=\u00bb{}\u00bb][et_pb_gallery gallery_ids=\u00bb7274,7277,7280,7283,7286,7289,7292,7295,7298,7301&#8243; fullwidth=\u00bbon\u00bb admin_label=\u00bbEl eco de las luci\u00e9rnagas\u00bb _builder_version=\u00bb4.27.0&#8243; _module_preset=\u00bbdefault\u00bb hover_enabled=\u00bb0&#8243; border_radii=\u00bboff||10px||\u00bb global_colors_info=\u00bb{}\u00bb sticky_enabled=\u00bb0&#8243;][\/et_pb_gallery][\/et_pb_column][\/et_pb_row][et_pb_row _builder_version=\u00bb4.24.2&#8243; _module_preset=\u00bbdefault\u00bb global_colors_info=\u00bb{}\u00bb][et_pb_column type=\u00bb4_4&#8243; _builder_version=\u00bb4.24.2&#8243; _module_preset=\u00bbdefault\u00bb global_colors_info=\u00bb{}\u00bb][et_pb_gallery gallery_ids=\u00bb7319,7322,7325,7328,7331,7334,7337,7340,7344,7347,7350,7353,7356,7359,7362,7365&#8243; fullwidth=\u00bbon\u00bb admin_label=\u00bbRUGE\u00bb _builder_version=\u00bb4.27.0&#8243; _module_preset=\u00bbdefault\u00bb hover_enabled=\u00bb0&#8243; border_radii=\u00bboff||10px||\u00bb global_colors_info=\u00bb{}\u00bb sticky_enabled=\u00bb0&#8243;][\/et_pb_gallery][\/et_pb_column][\/et_pb_row][\/et_pb_section]<\/p>\n","protected":false},"excerpt":{"rendered":"","protected":false},"author":1,"featured_media":0,"parent":0,"menu_order":0,"comment_status":"closed","ping_status":"closed","template":"","meta":{"_et_pb_use_builder":"on","_et_pb_old_content":"","_et_gb_content_width":"","footnotes":""},"class_list":["post-6621","page","type-page","status-publish","hentry"],"yoast_head":"<!-- This site is optimized with the Yoast SEO plugin v27.3 - https:\/\/yoast.com\/product\/yoast-seo-wordpress\/ -->\n<title>Galeria imatges - Fundaci\u00f3 Julio Mu\u00f1oz Ramonet<\/title>\n<meta name=\"robots\" content=\"index, follow, max-snippet:-1, max-image-preview:large, max-video-preview:-1\" \/>\n<link rel=\"canonical\" href=\"https:\/\/fundaciojuliomunozramonet.org\/es\/galeria-imatges\/\" \/>\n<meta property=\"og:locale\" content=\"es_ES\" \/>\n<meta property=\"og:type\" content=\"article\" \/>\n<meta property=\"og:title\" content=\"Galeria imatges - Fundaci\u00f3 Julio Mu\u00f1oz Ramonet\" \/>\n<meta property=\"og:url\" content=\"https:\/\/fundaciojuliomunozramonet.org\/galeria-imatges\/\" \/>\n<meta property=\"og:site_name\" content=\"Fundaci\u00f3 Julio Mu\u00f1oz Ramonet\" \/>\n<meta property=\"article:modified_time\" content=\"2024-07-31T07:36:01+00:00\" \/>\n<meta name=\"twitter:card\" content=\"summary_large_image\" \/>\n<meta name=\"twitter:label1\" content=\"Tiempo de lectura\" \/>\n\t<meta name=\"twitter:data1\" content=\"4 minutos\" \/>\n<script type=\"application\/ld+json\" class=\"yoast-schema-graph\">{\"@context\":\"https:\\\/\\\/schema.org\",\"@graph\":[{\"@type\":\"WebPage\",\"@id\":\"https:\\\/\\\/fundaciojuliomunozramonet.org\\\/galeria-imatges\\\/\",\"url\":\"https:\\\/\\\/fundaciojuliomunozramonet.org\\\/galeria-imatges\\\/\",\"name\":\"Galeria imatges - Fundaci\u00f3 Julio Mu\u00f1oz Ramonet\",\"isPartOf\":{\"@id\":\"https:\\\/\\\/fundaciojuliomunozramonet.org\\\/#website\"},\"datePublished\":\"2024-07-01T11:18:27+00:00\",\"dateModified\":\"2024-07-31T07:36:01+00:00\",\"breadcrumb\":{\"@id\":\"https:\\\/\\\/fundaciojuliomunozramonet.org\\\/galeria-imatges\\\/#breadcrumb\"},\"inLanguage\":\"es\",\"potentialAction\":[{\"@type\":\"ReadAction\",\"target\":[\"https:\\\/\\\/fundaciojuliomunozramonet.org\\\/galeria-imatges\\\/\"]}]},{\"@type\":\"BreadcrumbList\",\"@id\":\"https:\\\/\\\/fundaciojuliomunozramonet.org\\\/galeria-imatges\\\/#breadcrumb\",\"itemListElement\":[{\"@type\":\"ListItem\",\"position\":1,\"name\":\"Portada\",\"item\":\"https:\\\/\\\/fundaciojuliomunozramonet.org\\\/es\\\/\"},{\"@type\":\"ListItem\",\"position\":2,\"name\":\"Galeria imatges\"}]},{\"@type\":\"WebSite\",\"@id\":\"https:\\\/\\\/fundaciojuliomunozramonet.org\\\/#website\",\"url\":\"https:\\\/\\\/fundaciojuliomunozramonet.org\\\/\",\"name\":\"Fundaci\u00f3 Julio Mu\u00f1oz Ramonet\",\"description\":\"Fundaci\u00f3 Julio Mu\u00f1oz Ramonet\",\"potentialAction\":[{\"@type\":\"SearchAction\",\"target\":{\"@type\":\"EntryPoint\",\"urlTemplate\":\"https:\\\/\\\/fundaciojuliomunozramonet.org\\\/?s={search_term_string}\"},\"query-input\":{\"@type\":\"PropertyValueSpecification\",\"valueRequired\":true,\"valueName\":\"search_term_string\"}}],\"inLanguage\":\"es\"}]}<\/script>\n<!-- \/ Yoast SEO plugin. -->","yoast_head_json":{"title":"Galeria imatges - Fundaci\u00f3 Julio Mu\u00f1oz Ramonet","robots":{"index":"index","follow":"follow","max-snippet":"max-snippet:-1","max-image-preview":"max-image-preview:large","max-video-preview":"max-video-preview:-1"},"canonical":"https:\/\/fundaciojuliomunozramonet.org\/es\/galeria-imatges\/","og_locale":"es_ES","og_type":"article","og_title":"Galeria imatges - Fundaci\u00f3 Julio Mu\u00f1oz Ramonet","og_url":"https:\/\/fundaciojuliomunozramonet.org\/galeria-imatges\/","og_site_name":"Fundaci\u00f3 Julio Mu\u00f1oz Ramonet","article_modified_time":"2024-07-31T07:36:01+00:00","twitter_card":"summary_large_image","twitter_misc":{"Tiempo de lectura":"4 minutos"},"schema":{"@context":"https:\/\/schema.org","@graph":[{"@type":"WebPage","@id":"https:\/\/fundaciojuliomunozramonet.org\/galeria-imatges\/","url":"https:\/\/fundaciojuliomunozramonet.org\/galeria-imatges\/","name":"Galeria imatges - Fundaci\u00f3 Julio Mu\u00f1oz Ramonet","isPartOf":{"@id":"https:\/\/fundaciojuliomunozramonet.org\/#website"},"datePublished":"2024-07-01T11:18:27+00:00","dateModified":"2024-07-31T07:36:01+00:00","breadcrumb":{"@id":"https:\/\/fundaciojuliomunozramonet.org\/galeria-imatges\/#breadcrumb"},"inLanguage":"es","potentialAction":[{"@type":"ReadAction","target":["https:\/\/fundaciojuliomunozramonet.org\/galeria-imatges\/"]}]},{"@type":"BreadcrumbList","@id":"https:\/\/fundaciojuliomunozramonet.org\/galeria-imatges\/#breadcrumb","itemListElement":[{"@type":"ListItem","position":1,"name":"Portada","item":"https:\/\/fundaciojuliomunozramonet.org\/es\/"},{"@type":"ListItem","position":2,"name":"Galeria imatges"}]},{"@type":"WebSite","@id":"https:\/\/fundaciojuliomunozramonet.org\/#website","url":"https:\/\/fundaciojuliomunozramonet.org\/","name":"Fundaci\u00f3 Julio Mu\u00f1oz Ramonet","description":"Fundaci\u00f3 Julio Mu\u00f1oz Ramonet","potentialAction":[{"@type":"SearchAction","target":{"@type":"EntryPoint","urlTemplate":"https:\/\/fundaciojuliomunozramonet.org\/?s={search_term_string}"},"query-input":{"@type":"PropertyValueSpecification","valueRequired":true,"valueName":"search_term_string"}}],"inLanguage":"es"}]}},"_links":{"self":[{"href":"https:\/\/fundaciojuliomunozramonet.org\/es\/wp-json\/wp\/v2\/pages\/6621","targetHints":{"allow":["GET"]}}],"collection":[{"href":"https:\/\/fundaciojuliomunozramonet.org\/es\/wp-json\/wp\/v2\/pages"}],"about":[{"href":"https:\/\/fundaciojuliomunozramonet.org\/es\/wp-json\/wp\/v2\/types\/page"}],"author":[{"embeddable":true,"href":"https:\/\/fundaciojuliomunozramonet.org\/es\/wp-json\/wp\/v2\/users\/1"}],"replies":[{"embeddable":true,"href":"https:\/\/fundaciojuliomunozramonet.org\/es\/wp-json\/wp\/v2\/comments?post=6621"}],"version-history":[{"count":31,"href":"https:\/\/fundaciojuliomunozramonet.org\/es\/wp-json\/wp\/v2\/pages\/6621\/revisions"}],"predecessor-version":[{"id":7377,"href":"https:\/\/fundaciojuliomunozramonet.org\/es\/wp-json\/wp\/v2\/pages\/6621\/revisions\/7377"}],"wp:attachment":[{"href":"https:\/\/fundaciojuliomunozramonet.org\/es\/wp-json\/wp\/v2\/media?parent=6621"}],"curies":[{"name":"wp","href":"https:\/\/api.w.org\/{rel}","templated":true}]}}