{"id":4623,"date":"2023-11-08T20:44:36","date_gmt":"2023-11-08T19:44:36","guid":{"rendered":"https:\/\/fundaciojuliomunozramonet.org\/proteccion-de-datos\/"},"modified":"2024-01-25T12:17:43","modified_gmt":"2024-01-25T11:17:43","slug":"proteccion-de-datos","status":"publish","type":"page","link":"https:\/\/fundaciojuliomunozramonet.org\/es\/proteccion-de-datos\/","title":{"rendered":"Protecci\u00f3n de datos"},"content":{"rendered":"<p>[et_pb_section fb_built=\u00bb1&#8243; _builder_version=\u00bb4.21.0&#8243; background_color=\u00bb#FFFEFB\u00bb global_colors_info=\u00bb{}\u00bb][et_pb_row column_structure=\u00bb1_3,1_3,1_3&#8243; use_custom_gutter=\u00bbon\u00bb gutter_width=\u00bb2&#8243; _builder_version=\u00bb4.21.0&#8243; _module_preset=\u00bbdefault\u00bb global_colors_info=\u00bb{}\u00bb][et_pb_column type=\u00bb1_3&#8243; _builder_version=\u00bb4.21.0&#8243; _module_preset=\u00bbdefault\u00bb global_colors_info=\u00bb{}\u00bb][et_pb_button button_url=\u00bb#\u00bb button_text=\u00bbPol\u00edtica de protecci\u00f3n de datos\u00bb admin_label=\u00bbBot\u00f3: Protecci\u00f3 Dades\u00bb _builder_version=\u00bb4.23&#8243; _module_preset=\u00bbdefault\u00bb custom_button=\u00bbon\u00bb button_text_size=\u00bb18px\u00bb button_text_color=\u00bb#FFFFFF\u00bb button_bg_color=\u00bb#ff5562&#8243; button_border_color=\u00bb#ff5562&#8243; background_layout=\u00bbdark\u00bb hover_enabled=\u00bb0&#8243; custom_css_main_element=\u00bbpointer-events: none;\u00bb global_colors_info=\u00bb{}\u00bb sticky_enabled=\u00bb0&#8243;][\/et_pb_button][\/et_pb_column][et_pb_column type=\u00bb1_3&#8243; _builder_version=\u00bb4.21.0&#8243; _module_preset=\u00bbdefault\u00bb global_colors_info=\u00bb{}\u00bb][et_pb_button button_url=\u00bbhttps:\/\/fundaciojuliomunozramonet.org\/es\/registro-de-tratamientos\/\u00bb button_text=\u00bbRegistro de tratamientos\u00bb admin_label=\u00bbBot\u00f3: Registre Tractaments\u00bb _builder_version=\u00bb4.23&#8243; _module_preset=\u00bbdefault\u00bb custom_button=\u00bbon\u00bb button_text_size=\u00bb18px\u00bb global_colors_info=\u00bb{}\u00bb][\/et_pb_button][\/et_pb_column][et_pb_column type=\u00bb1_3&#8243; _builder_version=\u00bb4.21.0&#8243; _module_preset=\u00bbdefault\u00bb global_colors_info=\u00bb{}\u00bb][et_pb_button button_url=\u00bbhttps:\/\/fundaciojuliomunozramonet.org\/es\/rgpd\/\u00bb button_text=\u00bbEjerce tus derechos\u00bb admin_label=\u00bbBot\u00f3: RGPD\u00bb _builder_version=\u00bb4.23&#8243; _module_preset=\u00bbdefault\u00bb custom_button=\u00bbon\u00bb button_text_size=\u00bb18px\u00bb global_colors_info=\u00bb{}\u00bb][\/et_pb_button][\/et_pb_column][\/et_pb_row][et_pb_row _builder_version=\u00bb4.21.0&#8243; _module_preset=\u00bbdefault\u00bb global_colors_info=\u00bb{}\u00bb][et_pb_column type=\u00bb4_4&#8243; _builder_version=\u00bb4.20.4&#8243; _module_preset=\u00bbdefault\u00bb global_colors_info=\u00bb{}\u00bb][et_pb_text _builder_version=\u00bb4.23&#8243; _module_preset=\u00bbdefault\u00bb text_font=\u00bb|300|||||||\u00bb header_font=\u00bb|300|||||||\u00bb header_text_color=\u00bb#FF5562&#8243; hover_enabled=\u00bb0&#8243; global_colors_info=\u00bb{}\u00bb sticky_enabled=\u00bb0&#8243;]<\/p>\n<h1>Protecci\u00f3n de datos<\/h1>\n<p>&nbsp;<\/p>\n<p style=\"text-align: center;\"><em>Reglamento 2016\/679 del Parlamento Europeo y del Consejo, del 27 de abril de 2016, relativo a la protecci\u00f3n de las personas f\u00edsicas respecto al tratamiento de datos personales y a la libre circulaci\u00f3n de estos datos (RGPD), y la Ley org\u00e1nica 3\/2018, de 5 de diciembre, de protecci\u00f3n de datos personales y garant\u00eda de los derechos digitales (LOPD).<br \/><\/em><\/p>\n<p>Tanto la privacidad de los datos como la confidencialidad de la informaci\u00f3n son aspectos importantes para la FUNDACI\u00d3N JULIO MU\u00d1OZ RAMONET (en adelante, la FJMR). Por eso, tal como se establece en el RGPD y la LOPD, se pone en conocimiento de los usuarios la pol\u00edtica llevada a cabo sobre el tratamiento y la protecci\u00f3n de sus datos de car\u00e1cter personal.<\/p>\n<p>Esta pol\u00edtica de protecci\u00f3n de datos puede variar con el tiempo a causa de los posibles cambios legislativos, jurisprudenciales o de los criterios seguidos por la Autoridad Catalana de Protecci\u00f3n de Datos y\/o la autoridad competente a cada momento. Por este motivo, la entidad se reserva el derecho a modificar esta pol\u00edtica para adaptarla a las novedades legislativas o jurisprudenciales que est\u00e1n vigentes en el mismo momento en que se acceda a la web.<\/p>\n<p>Fecha de la \u00faltima actualizaci\u00f3n: 25\/04\/2023<\/p>\n<p>&nbsp;<\/p>\n<h3><strong>\u00bfQui\u00e9n es el titular responsable del tratamiento de sus datos?<\/strong><\/h3>\n<p>Sus datos personales son tratados por la FJMR, con CIF G61645149 y domicilio social en la plaza de Sant Jaume, s\/n, 08002 de Barcelona, correo electr\u00f3nico: <a href=\"mailto:fundaciojmr@bcn.cat\">fundaciojmr@bcn.cat<\/a>.<\/p>\n<p>&nbsp;<\/p>\n<h3><strong>\u00bfC\u00f3mo hemos obtenido sus datos?<\/strong><\/h3>\n<p>Hemos obtenido sus datos de car\u00e1cter personal a trav\u00e9s de las relaciones previas o actuales que ha mantenido o mantiene con la FJMR: como receptor de nuestros servicios, como participante de nuestras actividades, como suscriptor de los boletines o como tercero que mantiene relaciones comerciales o de colaboraci\u00f3n con la entidad.<\/p>\n<p>&nbsp;<\/p>\n<h3><strong>\u00bfCon qu\u00e9 finalidades tratamos sus datos? \u00bfCu\u00e1l es la legitimaci\u00f3n para poder tratarlos? \u00bfA qui\u00e9nes se los comunicamos y durante cu\u00e1nto tiempo los guardamos?<\/strong><\/h3>\n<p>La FJMR tratar\u00e1 sus datos para las siguientes finalidades:<\/p>\n<p>1. Para enviarle el bolet\u00edn electr\u00f3nico cuando se haya suscrito. La base legal para el tratamiento es su consentimiento.<\/p>\n<p>2. Para mantener las relaciones profesionales acordadas. La base legal para el tratamiento es la adopci\u00f3n de medidas precontractuales y\/o la relaci\u00f3n contractual establecida.<\/p>\n<p>3. Para gestionar la videovigilancia y el control de accesos al jard\u00edn, el edificio y las instalaciones de la FJMR. La base legal para el tratamiento es la obligaci\u00f3n legal establecida para garantizar la seguridad de las instalaciones, bienes y personas.<\/p>\n<p>&nbsp;<\/p>\n<h3><strong>\u00bfA qui\u00e9nes comunicamos sus datos?<\/strong><\/h3>\n<p>Salvo obligaci\u00f3n legal, sus datos no se comunicar\u00e1n a terceros.<br \/>No se prev\u00e9 la transferencia internacional de datos.<\/p>\n<p>&nbsp;<\/p>\n<h3><strong>\u00bfDurante cu\u00e1nto tiempo los conservamos?<\/strong><\/h3>\n<p>Sus datos ser\u00e1n eliminados una vez que haya acabado el servicio contratado o su suscripci\u00f3n al bolet\u00edn. No obstante, la FJMR conservar\u00e1 algunos datos en cumplimiento de la ley de transparencia y para atender posibles reclamaciones derivadas del propio servicio.<\/p>\n<p>La normativa reguladora de las fundaciones especifica que algunos datos de naturaleza contable se conservar\u00e1n durante diez a\u00f1os (Ley 10\/2010, de 28 de abril, de prevenci\u00f3n del blanqueo de capitales y de la financiaci\u00f3n del terrorismo).<\/p>\n<p>En el supuesto de los datos obtenidos a trav\u00e9s del control de accesos y videovigilancia, los datos y las im\u00e1genes ser\u00e1n eliminados en el plazo m\u00e1ximo de un mes.<\/p>\n<p>&nbsp;<\/p>\n<h3><strong>Informaci\u00f3n sobre la calidad de los datos:<\/strong><\/h3>\n<p>Sus datos se tratan de manera l\u00edcita, leal y transparente.<\/p>\n<p>Sus datos se recogen con finalidades determinadas, expl\u00edcitas y leg\u00edtimas, tal como se expone en esta pol\u00edtica, y no son tratados posteriormente de manera incompatible.<\/p>\n<p>Los datos que tratamos son los adecuados, pertinentes y limitados a lo necesario en relaci\u00f3n con las finalidades para las que son tratados.<\/p>\n<p>Velaremos por que los datos sean exactos y se mantengan actualizados en todo momento. Le pedimos que, si se produce alg\u00fan cambio o modificaci\u00f3n en sus datos personales, nos lo comunique a fin de poder cumplir con el principio de exactitud (datos exactos y actualizados).<\/p>\n<p>&nbsp;<\/p>\n<h3><strong>\u00bfCu\u00e1les son sus derechos en materia de protecci\u00f3n de datos y como puede ejercerlos?<\/strong><\/h3>\n<p>Cualquier persona tiene derecho a obtener informaci\u00f3n sobre los datos que est\u00e1 tratando una entidad. A continuaci\u00f3n, le indicamos sus derechos:<\/p>\n<ul>\n<li>Derecho de acceso, rectificaci\u00f3n y supresi\u00f3n: tiene derecho a acceder a sus datos personales, as\u00ed como a solicitar la rectificaci\u00f3n de los datos inexactos o, en su caso, a solicitar su supresi\u00f3n cuando, entre otros motivos, los datos ya no sean necesarios para las finalidades para las que fueron recogidos.<\/li>\n<li>Limitaci\u00f3n del tratamiento: en determinadas circunstancias, puede solicitarnos la limitaci\u00f3n del tratamiento de sus datos. En este caso, solo se conservar\u00e1n para el ejercicio o la defensa de reclamaciones.<\/li>\n<li>Derecho de oposici\u00f3n: en determinadas circunstancias y por motivos relacionados con su situaci\u00f3n particular, puede oponerse al tratamiento de sus datos. La entidad dejar\u00e1 de tratarlos, excepto por motivos leg\u00edtimos imperiosos, o para el ejercicio o la defensa de posibles reclamaciones.<\/li>\n<li>Derecho a la portabilidad de los datos: tiene derecho a recibir los datos personales que le incumban, que haya facilitado en un formato estructurado, de uso com\u00fan y lectura mec\u00e1nica, cuando a) el tratamiento est\u00e9 basado en el consentimiento o en un contrato; y b) el tratamiento se efect\u00fae por medios automatizados.<\/li>\n<\/ul>\n<p>Para ejercer estos derechos puede enviar un correo electr\u00f3nico a <a href=\"mailto:fundaciojmr@bcn.cat\">fundaciojmr@bcn.cat<\/a>.<\/p>\n<p>En su petici\u00f3n debe facilitar la siguiente informaci\u00f3n:<br \/>1. Datos del solicitante (nombre y apellidos).<br \/>2. DNI (o documento acreditativo de su identidad).<br \/>3. Direcci\u00f3n de contacto.<br \/>4. Derecho que desea ejercer.<br \/>5. SSobre qu\u00e9 datos concretos formula su petici\u00f3n, identificando siempre que sea posible el fichero y el tratamiento sobre el cual la formula.<\/p>\n<p>En el plazo m\u00e1ximo de un mes resolveremos su petici\u00f3n a trav\u00e9s del mismo medio que haya utilizado inicialmente.<\/p>\n<p>Aunque creemos que por esta v\u00eda resolveremos cualquier cuesti\u00f3n relacionada con su privacidad, si lo considera oportuno, puede presentar una reclamaci\u00f3n a la autoridad de control a trav\u00e9s de la web de la Autoridad Catalana de Protecci\u00f3n de Datos <a href=\"http:\/\/apdcat.gencat.cat\/ca\/drets_i_obligacions\/reclamar_i_denunciar\/\">http:\/\/apdcat.gencat.cat\/ca\/drets_i_obligacions\/reclamar_i_denunciar<\/a>.<\/p>\n<p>Para m\u00e1s informaci\u00f3n, puede consultar la sede electr\u00f3nica del Ayuntamiento de Barcelona: <a href=\"https:\/\/seuelectronica.ajuntament.barcelona.cat\/ca\/proteccio-de-dades\">https:\/\/seuelectronica.ajuntament.barcelona.cat\/ca\/proteccio-de-dades<\/a>.<\/p>\n<h3><strong>Seguridad en el tratamiento<\/strong><\/h3>\n<p>Teniendo en cuenta el estado de la t\u00e9cnica, los costes de aplicaci\u00f3n, y la naturaleza, el alcance, el contexto y las finalidades del tratamiento, as\u00ed como los riesgos de probabilidad y gravedad variables para los derechos y libertades de las personas f\u00edsicas, la entidad aplicar\u00e1 medidas t\u00e9cnicas y organizativas apropiadas para garantizar un nivel de seguridad adecuado al riesgo, que eviten la destrucci\u00f3n, p\u00e9rdida o alteraci\u00f3n accidental o il\u00edcita de datos personales transmitidos, conservados o tratados de otro modo, o la comunicaci\u00f3n o acceso no autorizados a estos datos.<\/p>\n<p>[\/et_pb_text][\/et_pb_column][\/et_pb_row][\/et_pb_section]<\/p>\n","protected":false},"excerpt":{"rendered":"<p>Protecci\u00f3n de datos &nbsp; Reglamento 2016\/679 del Parlamento Europeo y del Consejo, del 27 de abril de 2016, relativo a la protecci\u00f3n de las personas f\u00edsicas respecto al tratamiento de datos personales y a la libre circulaci\u00f3n de estos datos (RGPD), y la Ley org\u00e1nica 3\/2018, de 5 de diciembre, de protecci\u00f3n de datos personales [&hellip;]<\/p>\n","protected":false},"author":1,"featured_media":0,"parent":0,"menu_order":0,"comment_status":"closed","ping_status":"closed","template":"","meta":{"_et_pb_use_builder":"on","_et_pb_old_content":"","_et_gb_content_width":"","footnotes":""},"class_list":["post-4623","page","type-page","status-publish","hentry"],"yoast_head":"<!-- This site is optimized with the Yoast SEO plugin v27.3 - https:\/\/yoast.com\/product\/yoast-seo-wordpress\/ -->\n<title>Protecci\u00f3n de datos - Fundaci\u00f3 Julio Mu\u00f1oz Ramonet<\/title>\n<meta name=\"robots\" content=\"index, follow, max-snippet:-1, max-image-preview:large, max-video-preview:-1\" \/>\n<link rel=\"canonical\" href=\"https:\/\/fundaciojuliomunozramonet.org\/es\/proteccion-de-datos\/\" \/>\n<meta property=\"og:locale\" content=\"es_ES\" \/>\n<meta property=\"og:type\" content=\"article\" \/>\n<meta property=\"og:title\" content=\"Protecci\u00f3n de datos - Fundaci\u00f3 Julio Mu\u00f1oz Ramonet\" \/>\n<meta property=\"og:description\" content=\"Protecci\u00f3n de datos &nbsp; Reglamento 2016\/679 del Parlamento Europeo y del Consejo, del 27 de abril de 2016, relativo a la protecci\u00f3n de las personas f\u00edsicas respecto al tratamiento de datos personales y a la libre circulaci\u00f3n de estos datos (RGPD), y la Ley org\u00e1nica 3\/2018, de 5 de diciembre, de protecci\u00f3n de datos personales [&hellip;]\" \/>\n<meta property=\"og:url\" content=\"https:\/\/fundaciojuliomunozramonet.org\/es\/proteccion-de-datos\/\" \/>\n<meta property=\"og:site_name\" content=\"Fundaci\u00f3 Julio Mu\u00f1oz Ramonet\" \/>\n<meta property=\"article:modified_time\" content=\"2024-01-25T11:17:43+00:00\" \/>\n<meta name=\"twitter:card\" content=\"summary_large_image\" \/>\n<meta name=\"twitter:label1\" content=\"Tiempo de lectura\" \/>\n\t<meta name=\"twitter:data1\" content=\"7 minutos\" \/>\n<script type=\"application\/ld+json\" class=\"yoast-schema-graph\">{\"@context\":\"https:\\\/\\\/schema.org\",\"@graph\":[{\"@type\":\"WebPage\",\"@id\":\"https:\\\/\\\/fundaciojuliomunozramonet.org\\\/es\\\/proteccion-de-datos\\\/\",\"url\":\"https:\\\/\\\/fundaciojuliomunozramonet.org\\\/es\\\/proteccion-de-datos\\\/\",\"name\":\"Protecci\u00f3n de datos - Fundaci\u00f3 Julio Mu\u00f1oz Ramonet\",\"isPartOf\":{\"@id\":\"https:\\\/\\\/fundaciojuliomunozramonet.org\\\/#website\"},\"datePublished\":\"2023-11-08T19:44:36+00:00\",\"dateModified\":\"2024-01-25T11:17:43+00:00\",\"breadcrumb\":{\"@id\":\"https:\\\/\\\/fundaciojuliomunozramonet.org\\\/es\\\/proteccion-de-datos\\\/#breadcrumb\"},\"inLanguage\":\"es\",\"potentialAction\":[{\"@type\":\"ReadAction\",\"target\":[\"https:\\\/\\\/fundaciojuliomunozramonet.org\\\/es\\\/proteccion-de-datos\\\/\"]}]},{\"@type\":\"BreadcrumbList\",\"@id\":\"https:\\\/\\\/fundaciojuliomunozramonet.org\\\/es\\\/proteccion-de-datos\\\/#breadcrumb\",\"itemListElement\":[{\"@type\":\"ListItem\",\"position\":1,\"name\":\"Portada\",\"item\":\"https:\\\/\\\/fundaciojuliomunozramonet.org\\\/es\\\/\"},{\"@type\":\"ListItem\",\"position\":2,\"name\":\"Protecci\u00f3n de datos\"}]},{\"@type\":\"WebSite\",\"@id\":\"https:\\\/\\\/fundaciojuliomunozramonet.org\\\/#website\",\"url\":\"https:\\\/\\\/fundaciojuliomunozramonet.org\\\/\",\"name\":\"Fundaci\u00f3 Julio Mu\u00f1oz Ramonet\",\"description\":\"Fundaci\u00f3 Julio Mu\u00f1oz Ramonet\",\"potentialAction\":[{\"@type\":\"SearchAction\",\"target\":{\"@type\":\"EntryPoint\",\"urlTemplate\":\"https:\\\/\\\/fundaciojuliomunozramonet.org\\\/?s={search_term_string}\"},\"query-input\":{\"@type\":\"PropertyValueSpecification\",\"valueRequired\":true,\"valueName\":\"search_term_string\"}}],\"inLanguage\":\"es\"}]}<\/script>\n<!-- \/ Yoast SEO plugin. -->","yoast_head_json":{"title":"Protecci\u00f3n de datos - Fundaci\u00f3 Julio Mu\u00f1oz Ramonet","robots":{"index":"index","follow":"follow","max-snippet":"max-snippet:-1","max-image-preview":"max-image-preview:large","max-video-preview":"max-video-preview:-1"},"canonical":"https:\/\/fundaciojuliomunozramonet.org\/es\/proteccion-de-datos\/","og_locale":"es_ES","og_type":"article","og_title":"Protecci\u00f3n de datos - Fundaci\u00f3 Julio Mu\u00f1oz Ramonet","og_description":"Protecci\u00f3n de datos &nbsp; Reglamento 2016\/679 del Parlamento Europeo y del Consejo, del 27 de abril de 2016, relativo a la protecci\u00f3n de las personas f\u00edsicas respecto al tratamiento de datos personales y a la libre circulaci\u00f3n de estos datos (RGPD), y la Ley org\u00e1nica 3\/2018, de 5 de diciembre, de protecci\u00f3n de datos personales [&hellip;]","og_url":"https:\/\/fundaciojuliomunozramonet.org\/es\/proteccion-de-datos\/","og_site_name":"Fundaci\u00f3 Julio Mu\u00f1oz Ramonet","article_modified_time":"2024-01-25T11:17:43+00:00","twitter_card":"summary_large_image","twitter_misc":{"Tiempo de lectura":"7 minutos"},"schema":{"@context":"https:\/\/schema.org","@graph":[{"@type":"WebPage","@id":"https:\/\/fundaciojuliomunozramonet.org\/es\/proteccion-de-datos\/","url":"https:\/\/fundaciojuliomunozramonet.org\/es\/proteccion-de-datos\/","name":"Protecci\u00f3n de datos - Fundaci\u00f3 Julio Mu\u00f1oz Ramonet","isPartOf":{"@id":"https:\/\/fundaciojuliomunozramonet.org\/#website"},"datePublished":"2023-11-08T19:44:36+00:00","dateModified":"2024-01-25T11:17:43+00:00","breadcrumb":{"@id":"https:\/\/fundaciojuliomunozramonet.org\/es\/proteccion-de-datos\/#breadcrumb"},"inLanguage":"es","potentialAction":[{"@type":"ReadAction","target":["https:\/\/fundaciojuliomunozramonet.org\/es\/proteccion-de-datos\/"]}]},{"@type":"BreadcrumbList","@id":"https:\/\/fundaciojuliomunozramonet.org\/es\/proteccion-de-datos\/#breadcrumb","itemListElement":[{"@type":"ListItem","position":1,"name":"Portada","item":"https:\/\/fundaciojuliomunozramonet.org\/es\/"},{"@type":"ListItem","position":2,"name":"Protecci\u00f3n de datos"}]},{"@type":"WebSite","@id":"https:\/\/fundaciojuliomunozramonet.org\/#website","url":"https:\/\/fundaciojuliomunozramonet.org\/","name":"Fundaci\u00f3 Julio Mu\u00f1oz Ramonet","description":"Fundaci\u00f3 Julio Mu\u00f1oz Ramonet","potentialAction":[{"@type":"SearchAction","target":{"@type":"EntryPoint","urlTemplate":"https:\/\/fundaciojuliomunozramonet.org\/?s={search_term_string}"},"query-input":{"@type":"PropertyValueSpecification","valueRequired":true,"valueName":"search_term_string"}}],"inLanguage":"es"}]}},"_links":{"self":[{"href":"https:\/\/fundaciojuliomunozramonet.org\/es\/wp-json\/wp\/v2\/pages\/4623","targetHints":{"allow":["GET"]}}],"collection":[{"href":"https:\/\/fundaciojuliomunozramonet.org\/es\/wp-json\/wp\/v2\/pages"}],"about":[{"href":"https:\/\/fundaciojuliomunozramonet.org\/es\/wp-json\/wp\/v2\/types\/page"}],"author":[{"embeddable":true,"href":"https:\/\/fundaciojuliomunozramonet.org\/es\/wp-json\/wp\/v2\/users\/1"}],"replies":[{"embeddable":true,"href":"https:\/\/fundaciojuliomunozramonet.org\/es\/wp-json\/wp\/v2\/comments?post=4623"}],"version-history":[{"count":8,"href":"https:\/\/fundaciojuliomunozramonet.org\/es\/wp-json\/wp\/v2\/pages\/4623\/revisions"}],"predecessor-version":[{"id":5580,"href":"https:\/\/fundaciojuliomunozramonet.org\/es\/wp-json\/wp\/v2\/pages\/4623\/revisions\/5580"}],"wp:attachment":[{"href":"https:\/\/fundaciojuliomunozramonet.org\/es\/wp-json\/wp\/v2\/media?parent=4623"}],"curies":[{"name":"wp","href":"https:\/\/api.w.org\/{rel}","templated":true}]}}