{"id":4205,"date":"2023-11-08T11:17:45","date_gmt":"2023-11-08T10:17:45","guid":{"rendered":"https:\/\/fundaciojuliomunozramonet.org\/los-espacios\/el-jardin\/"},"modified":"2024-03-21T17:51:09","modified_gmt":"2024-03-21T16:51:09","slug":"el-jardin","status":"publish","type":"page","link":"https:\/\/fundaciojuliomunozramonet.org\/es\/los-espacios\/el-jardin\/","title":{"rendered":"El jard\u00edn"},"content":{"rendered":"<p>[et_pb_section fb_built=\u00bb1&#8243; fullwidth=\u00bbon\u00bb _builder_version=\u00bb4.21.0&#8243; _module_preset=\u00bbdefault\u00bb background_color=\u00bb#F6F5EE\u00bb locked=\u00bboff\u00bb global_colors_info=\u00bb{}\u00bb][et_pb_fullwidth_header title=\u00bbEl jard\u00edn\u00bb content_max_width_tablet=\u00bb\u00bb content_max_width_phone=\u00bb100%\u00bb content_max_width_last_edited=\u00bbon|phone\u00bb _builder_version=\u00bb4.21.0&#8243; _module_preset=\u00bbdefault\u00bb title_font=\u00bb||||||||\u00bb title_text_align=\u00bbcenter\u00bb title_text_color=\u00bb#FFFFFF\u00bb custom_padding=\u00bb||||false|false\u00bb animation_style=\u00bbslide\u00bb animation_direction=\u00bbtop\u00bb animation_starting_opacity=\u00bb50%\u00bb animation_speed_curve=\u00bblinear\u00bb border_radii=\u00bboff|||50px|\u00bb locked=\u00bboff\u00bb global_colors_info=\u00bb{}\u00bb][\/et_pb_fullwidth_header][\/et_pb_section][et_pb_section fb_built=\u00bb1&#8243; admin_label=\u00bbsection\u00bb _builder_version=\u00bb4.21.0&#8243; background_color=\u00bb#F6F5EE\u00bb locked=\u00bboff\u00bb global_colors_info=\u00bb{}\u00bb][et_pb_row admin_label=\u00bbrow\u00bb _builder_version=\u00bb4.16&#8243; background_size=\u00bbinitial\u00bb background_position=\u00bbtop_left\u00bb background_repeat=\u00bbrepeat\u00bb global_colors_info=\u00bb{}\u00bb][et_pb_column type=\u00bb4_4&#8243; _builder_version=\u00bb4.16&#8243; custom_padding=\u00bb|||\u00bb global_colors_info=\u00bb{}\u00bb custom_padding__hover=\u00bb|||\u00bb][et_pb_text admin_label=\u00bbTitol: El disseny original de Forestier\u00bb _builder_version=\u00bb4.21.0&#8243; _module_preset=\u00bbdefault\u00bb header_2_font=\u00bb||||||||\u00bb header_2_text_color=\u00bb#FF5562&#8243; global_colors_info=\u00bb{}\u00bb]<\/p>\n<h2>El dise\u00f1o original de Forestier<\/h2>\n<p>[\/et_pb_text][et_pb_divider divider_position=\u00bbcenter\u00bb _builder_version=\u00bb4.21.0&#8243; _module_preset=\u00bbdefault\u00bb global_colors_info=\u00bb{}\u00bb][\/et_pb_divider][\/et_pb_column][\/et_pb_row][et_pb_row column_structure=\u00bb1_2,1_2&#8243; _builder_version=\u00bb4.21.0&#8243; _module_preset=\u00bbdefault\u00bb global_colors_info=\u00bb{}\u00bb][et_pb_column type=\u00bb1_2&#8243; _builder_version=\u00bb4.21.0&#8243; _module_preset=\u00bbdefault\u00bb global_colors_info=\u00bb{}\u00bb][et_pb_text admin_label=\u00bbText: El disseny original de Forestier\u00bb _builder_version=\u00bb4.22.1&#8243; _module_preset=\u00bbdefault\u00bb text_font=\u00bb||||||||\u00bb text_text_color=\u00bb#000000&#8243; header_text_color=\u00bb#000000&#8243; global_colors_info=\u00bb{}\u00bb]<\/p>\n<p><span class='et-dropcap'>E<\/span>l dise\u00f1o original del jard\u00edn de la finca fue un encargo de Ferran Fabra i Puig, segundo marqu\u00e9s de Alella y primer propietario del inmueble, al franc\u00e9s Jean-Claude-Nicolas Forestier (1861-1930), conservador de los parques de Par\u00eds y uno de los paisajistas internacionales m\u00e1s reconocidos de la \u00e9poca.<\/p>\n<p>Forestier ajardin\u00f3 parte de la monta\u00f1a de Montju\u00efc con motivo de la Exposici\u00f3n Internacional de 1929, e introdujo, as\u00ed, en Barcelona el concepto de jard\u00edn mediterr\u00e1neo.<\/p>\n<p>[\/et_pb_text][\/et_pb_column][et_pb_column type=\u00bb1_2&#8243; _builder_version=\u00bb4.21.0&#8243; _module_preset=\u00bbdefault\u00bb global_colors_info=\u00bb{}\u00bb][et_pb_text admin_label=\u00bbText: El disseny original de Forestier\u00bb _builder_version=\u00bb4.22.1&#8243; _module_preset=\u00bbdefault\u00bb text_font=\u00bb||||||||\u00bb text_text_color=\u00bb#000000&#8243; header_text_color=\u00bb#000000&#8243; global_colors_info=\u00bb{}\u00bb]<\/p>\n<p>Es probable que Forestier presentara m\u00e1s de una propuesta, porque el proyecto que finalmente se llev\u00f3 a cabo no coincide con la planta general del publicado en 1916 en la revista <em>Jardins<\/em>:<em> Carnet de plans et de dessins<\/em>, bajo el t\u00edtulo \u201cJardins pour l\u2019H\u00f4tel particulier de Mr le Marquis d\u2019Alella \u00e0 Barcelone\u201d.<\/p>\n<p>Finalmente, la soluci\u00f3n adoptada fue crear un espacio que se divid\u00eda en tres terrazas. En la principal hab\u00eda un estanque central rectangular, con un surtidor y decoraci\u00f3n de tiestos de terracota marcando el per\u00edmetro. El conjunto se cerraba con tres p\u00e9rgolas en forma de <em>U<\/em> con rosales y un arriate de flores delante de la torre del Avenir.<\/p>\n<p>[\/et_pb_text][\/et_pb_column][\/et_pb_row][et_pb_row column_structure=\u00bb1_2,1_2&#8243; _builder_version=\u00bb4.21.0&#8243; _module_preset=\u00bbdefault\u00bb global_colors_info=\u00bb{}\u00bb][et_pb_column type=\u00bb1_2&#8243; _builder_version=\u00bb4.21.0&#8243; _module_preset=\u00bbdefault\u00bb global_colors_info=\u00bb{}\u00bb][et_pb_image src=\u00bbhttps:\/\/fundaciojuliomunozramonet.org\/wp-content\/uploads\/2023\/06\/fundacio-julio-munoz-ramonet-jardin-1-scaled.jpg\u00bb title_text=\u00bbfundacio-julio-mun\u0303oz-ramonet-jardin-1&#8243; show_in_lightbox=\u00bbon\u00bb admin_label=\u00bbImagen: Jardin Forestier\u00bb _builder_version=\u00bb4.21.0&#8243; _module_preset=\u00bbdefault\u00bb animation_style=\u00bbslide\u00bb global_colors_info=\u00bb{}\u00bb][\/et_pb_image][\/et_pb_column][et_pb_column type=\u00bb1_2&#8243; _builder_version=\u00bb4.21.0&#8243; _module_preset=\u00bbdefault\u00bb global_colors_info=\u00bb{}\u00bb][et_pb_image src=\u00bbhttps:\/\/fundaciojuliomunozramonet.org\/wp-content\/uploads\/2023\/06\/fundacio-julio-munoz-ramonet-jardin-2-scaled.jpg\u00bb title_text=\u00bbfundacio-julio-mun\u0303oz-ramonet-jardin-2&#8243; show_in_lightbox=\u00bbon\u00bb admin_label=\u00bbImagen: Jardin Forestier\u00bb _builder_version=\u00bb4.21.0&#8243; _module_preset=\u00bbdefault\u00bb animation_style=\u00bbslide\u00bb global_colors_info=\u00bb{}\u00bb][\/et_pb_image][\/et_pb_column][\/et_pb_row][\/et_pb_section][et_pb_section fb_built=\u00bb1&#8243; admin_label=\u00bbsection\u00bb _builder_version=\u00bb4.21.0&#8243; background_color=\u00bb#FFFFFF\u00bb locked=\u00bboff\u00bb global_colors_info=\u00bb{}\u00bb][et_pb_row make_equal=\u00bbon\u00bb admin_label=\u00bbrow\u00bb _builder_version=\u00bb4.21.0&#8243; background_size=\u00bbinitial\u00bb background_position=\u00bbtop_left\u00bb background_repeat=\u00bbrepeat\u00bb custom_css_main_element=\u00bbalign-items: center;\u00bb global_colors_info=\u00bb{}\u00bb][et_pb_column type=\u00bb4_4&#8243; _builder_version=\u00bb4.16&#8243; custom_padding=\u00bb|||\u00bb global_colors_info=\u00bb{}\u00bb custom_padding__hover=\u00bb|||\u00bb][et_pb_text admin_label=\u00bbTitol:La reorganitzaci\u00f3 de Mirambell\u00bb _builder_version=\u00bb4.21.0&#8243; _module_preset=\u00bbdefault\u00bb header_2_font=\u00bb||||||||\u00bb header_2_text_color=\u00bb#FF5562&#8243; global_colors_info=\u00bb{}\u00bb]<\/p>\n<h2>La reorganizaci\u00f3n de Mirambell<\/h2>\n<p>[\/et_pb_text][et_pb_divider divider_position=\u00bbcenter\u00bb _builder_version=\u00bb4.21.0&#8243; _module_preset=\u00bbdefault\u00bb global_colors_info=\u00bb{}\u00bb][\/et_pb_divider][\/et_pb_column][\/et_pb_row][et_pb_row column_structure=\u00bb1_2,1_2&#8243; make_equal=\u00bbon\u00bb _builder_version=\u00bb4.21.0&#8243; _module_preset=\u00bbdefault\u00bb custom_css_main_element=\u00bbalign-items: center;\u00bb global_colors_info=\u00bb{}\u00bb][et_pb_column type=\u00bb1_2&#8243; _builder_version=\u00bb4.21.0&#8243; _module_preset=\u00bbdefault\u00bb global_colors_info=\u00bb{}\u00bb][et_pb_image src=\u00bbhttps:\/\/fundaciojuliomunozramonet.org\/wp-content\/uploads\/2023\/06\/fundacio-julio-munoz-ramonet-jardin-3.jpg\u00bb title_text=\u00bbfundacio-julio-mun\u0303oz-ramonet-jardin-3&#8243; show_in_lightbox=\u00bbon\u00bb admin_label=\u00bbImagen: Mirambell\u00bb _builder_version=\u00bb4.21.0&#8243; _module_preset=\u00bbdefault\u00bb animation_style=\u00bbslide\u00bb global_colors_info=\u00bb{}\u00bb][\/et_pb_image][\/et_pb_column][et_pb_column type=\u00bb1_2&#8243; _builder_version=\u00bb4.21.0&#8243; _module_preset=\u00bbdefault\u00bb global_colors_info=\u00bb{}\u00bb][et_pb_text admin_label=\u00bbText:La reorganitzaci\u00f3 de Mirambell\u00bb _builder_version=\u00bb4.22.1&#8243; _module_preset=\u00bbdefault\u00bb text_font=\u00bb||||||||\u00bb text_text_color=\u00bb#000000&#8243; header_text_color=\u00bb#000000&#8243; global_colors_info=\u00bb{}\u00bb]<\/p>\n<p><span class='et-dropcap'>En<\/span> la d\u00e9cada de 1950 \u2014probablemente entre 1956 y 1957\u2014, Mu\u00f1oz Ramonet encarg\u00f3 la remodelaci\u00f3n del jard\u00edn a Joan Mirambell i Ferran (1892-1983), a quien debemos su aspecto y fisonom\u00eda actuales. Mirambell introdujo cambios importantes en la estructura frontal, creando un juego de desniveles para acercar la cota del jard\u00edn al palacio y elevar los laterales, adem\u00e1s de cambiar la orientaci\u00f3n del estanque y la p\u00e9rgola, y de colocar en diferentes lugares esculturas de Josep Dunyach i Sala (1886-1957) y de Josep Ca\u00f1as i Ca\u00f1as (1905-2001).<\/p>\n<p>En el jard\u00edn delante de la torre de la calle del Avenir sustituy\u00f3 el arriate de flores creado por Forestier por una zona de ba\u00f1o, rodeada de columnas y una p\u00e9rgola que se completa con unos pedestales con esculturas de bronce de Josep Dunyach y de Vicen\u00e7 Navarro Romero (1888-1979). Tambi\u00e9n cambi\u00f3 el tipo de vegetaci\u00f3n, introduciendo c\u00e9sped, as\u00ed como magnolias, c\u00edcadas y palmeras.<\/p>\n<p>[\/et_pb_text][\/et_pb_column][\/et_pb_row][\/et_pb_section][et_pb_section fb_built=\u00bb1&#8243; admin_label=\u00bbsection\u00bb _builder_version=\u00bb4.21.0&#8243; background_color=\u00bb#F6F5EE\u00bb locked=\u00bboff\u00bb global_colors_info=\u00bb{}\u00bb][et_pb_row admin_label=\u00bbrow\u00bb _builder_version=\u00bb4.21.0&#8243; background_size=\u00bbinitial\u00bb background_position=\u00bbtop_left\u00bb background_repeat=\u00bbrepeat\u00bb custom_css_main_element=\u00bbalign-items: center;\u00bb global_colors_info=\u00bb{}\u00bb][et_pb_column type=\u00bb4_4&#8243; _builder_version=\u00bb4.16&#8243; custom_padding=\u00bb|||\u00bb global_colors_info=\u00bb{}\u00bb custom_padding__hover=\u00bb|||\u00bb][et_pb_text admin_label=\u00bbTitol: Actuacions de rehabilitaci\u00f3\u00bb _builder_version=\u00bb4.21.0&#8243; _module_preset=\u00bbdefault\u00bb header_2_font=\u00bb||||||||\u00bb header_2_text_color=\u00bb#FF5562&#8243; global_colors_info=\u00bb{}\u00bb]<\/p>\n<h2>Actuaciones de rehabilitaci\u00f3n<\/h2>\n<p>[\/et_pb_text][et_pb_divider divider_position=\u00bbcenter\u00bb _builder_version=\u00bb4.21.0&#8243; _module_preset=\u00bbdefault\u00bb global_colors_info=\u00bb{}\u00bb][\/et_pb_divider][\/et_pb_column][\/et_pb_row][et_pb_row column_structure=\u00bb1_2,1_2&#8243; make_equal=\u00bbon\u00bb _builder_version=\u00bb4.21.0&#8243; _module_preset=\u00bbdefault\u00bb custom_css_main_element=\u00bbalign-items: center;\u00bb global_colors_info=\u00bb{}\u00bb][et_pb_column type=\u00bb1_2&#8243; _builder_version=\u00bb4.21.0&#8243; _module_preset=\u00bbdefault\u00bb global_colors_info=\u00bb{}\u00bb][et_pb_text admin_label=\u00bbText: Actuacions de rehabilitaci\u00f3\u00bb _builder_version=\u00bb4.22.1&#8243; _module_preset=\u00bbdefault\u00bb text_font=\u00bb||||||||\u00bb text_text_color=\u00bb#000000&#8243; header_text_color=\u00bb#000000&#8243; global_colors_info=\u00bb{}\u00bb]<\/p>\n<p><span class='et-dropcap'>U<\/span>na vez recuperada la finca y antes de abrirla al p\u00fablico en el 2015, la fundaci\u00f3n llev\u00f3 a cabo varios trabajos de rehabilitaci\u00f3n del jard\u00edn con el objetivo de recuperar el esp\u00edritu del proyecto de Forestier y respetar la modificaci\u00f3n de cota de la zona de la fuente de Mirambell.<\/p>\n<p>Las principales actuaciones realizadas consistieron en podar, preservar y quitar la vegetaci\u00f3n en mal estado, recuperar y conservar algunos \u00e1rboles emblem\u00e1ticos como el arce de Montpellier o el almez y plantar nueva vegetaci\u00f3n. Tambi\u00e9n se sustituy\u00f3 la piscina por un estanque y se mejor\u00f3 el ajardinamiento, y se hicieron, as\u00ed, accesibles los recorridos.<\/p>\n<p>M\u00e1s recientemente se han renovado las redes de riego y la instalaci\u00f3n de alumbrado y se ha restaurado el muro perimetral, las vallas y puertas de acceso de las calles de Muntaner, Mari\u00e0 Cub\u00ed y el Avenir.<\/p>\n<p>[\/et_pb_text][\/et_pb_column][et_pb_column type=\u00bb1_2&#8243; _builder_version=\u00bb4.21.0&#8243; _module_preset=\u00bbdefault\u00bb global_colors_info=\u00bb{}\u00bb][et_pb_image src=\u00bbhttps:\/\/fundaciojuliomunozramonet.org\/wp-content\/uploads\/2023\/06\/fundacio-julio-munoz-ramonet-jardin-4.jpg\u00bb title_text=\u00bbfundacio-julio-mun\u0303oz-ramonet-jardin-4&#8243; show_in_lightbox=\u00bbon\u00bb _builder_version=\u00bb4.21.0&#8243; _module_preset=\u00bbdefault\u00bb animation_style=\u00bbslide\u00bb border_radii=\u00bboff||50px||\u00bb global_colors_info=\u00bb{}\u00bb][\/et_pb_image][\/et_pb_column][\/et_pb_row][\/et_pb_section][et_pb_section fb_built=\u00bb1&#8243; admin_label=\u00bbsection\u00bb _builder_version=\u00bb4.21.0&#8243; background_color=\u00bb#FFFFFF\u00bb locked=\u00bboff\u00bb global_colors_info=\u00bb{}\u00bb][et_pb_row admin_label=\u00bbrow\u00bb _builder_version=\u00bb4.16&#8243; background_size=\u00bbinitial\u00bb background_position=\u00bbtop_left\u00bb background_repeat=\u00bbrepeat\u00bb global_colors_info=\u00bb{}\u00bb][et_pb_column type=\u00bb4_4&#8243; _builder_version=\u00bb4.16&#8243; custom_padding=\u00bb|||\u00bb global_colors_info=\u00bb{}\u00bb custom_padding__hover=\u00bb|||\u00bb][et_pb_text admin_label=\u00bbTitol: Un ecosistema protegit\u00bb _builder_version=\u00bb4.21.0&#8243; _module_preset=\u00bbdefault\u00bb header_2_font=\u00bb||||||||\u00bb header_2_text_color=\u00bb#FF5562&#8243; global_colors_info=\u00bb{}\u00bb]<\/p>\n<h2>Un ecosistema protegido<\/h2>\n<p>[\/et_pb_text][et_pb_divider divider_position=\u00bbcenter\u00bb _builder_version=\u00bb4.21.0&#8243; _module_preset=\u00bbdefault\u00bb global_colors_info=\u00bb{}\u00bb][\/et_pb_divider][\/et_pb_column][\/et_pb_row][et_pb_row column_structure=\u00bb1_2,1_2&#8243; make_equal=\u00bbon\u00bb _builder_version=\u00bb4.21.0&#8243; _module_preset=\u00bbdefault\u00bb custom_css_main_element=\u00bbalign-items: center;\u00bb global_colors_info=\u00bb{}\u00bb][et_pb_column type=\u00bb1_2&#8243; _builder_version=\u00bb4.21.0&#8243; _module_preset=\u00bbdefault\u00bb global_colors_info=\u00bb{}\u00bb][et_pb_image src=\u00bbhttps:\/\/fundaciojuliomunozramonet.org\/wp-content\/uploads\/2023\/06\/fundacio-julio-munoz-ramonet-jardin-5.jpg\u00bb title_text=\u00bbfundacio-julio-mun\u0303oz-ramonet-jardin-5&#8243; show_in_lightbox=\u00bbon\u00bb _builder_version=\u00bb4.21.0&#8243; _module_preset=\u00bbdefault\u00bb animation_style=\u00bbslide\u00bb border_radii=\u00bboff||50px||\u00bb global_colors_info=\u00bb{}\u00bb][\/et_pb_image][\/et_pb_column][et_pb_column type=\u00bb1_2&#8243; _builder_version=\u00bb4.21.0&#8243; _module_preset=\u00bbdefault\u00bb global_colors_info=\u00bb{}\u00bb][et_pb_text admin_label=\u00bbText: Un ecosistema protegit\u00bb _builder_version=\u00bb4.22.1&#8243; _module_preset=\u00bbdefault\u00bb text_font=\u00bb||||||||\u00bb text_text_color=\u00bb#000000&#8243; header_text_color=\u00bb#000000&#8243; global_colors_info=\u00bb{}\u00bb]<\/p>\n<p><span class='et-dropcap'>E<\/span>ntre las diferentes especies vegetales que crecen en el jard\u00edn podemos encontrar laureles, blancas y rom\u00e1nticas glicinas, el arce de Freeman, clivias, pilistras, lirios africanos \u2014tambi\u00e9n conocidos como <em>flor de l\u2019amor<\/em>\u2014, c\u00f3culos, aguacates, acanto o alas de \u00e1ngel, magnolias o cerezos de Jap\u00f3n.<\/p>\n<p>Aislado del ruido de la calle y resguardado por sus muros, en el jard\u00edn se pueden escuchar p\u00e1jaros como el mosquitero papialbo, el curioso y divertido herrerillo capuchino o la urraca.<\/p>\n<p>[\/et_pb_text][\/et_pb_column][\/et_pb_row][et_pb_row _builder_version=\u00bb4.21.0&#8243; _module_preset=\u00bbdefault\u00bb global_colors_info=\u00bb{}\u00bb][et_pb_column type=\u00bb4_4&#8243; _builder_version=\u00bb4.21.0&#8243; _module_preset=\u00bbdefault\u00bb global_colors_info=\u00bb{}\u00bb]<\/p>\n<p>[et_pb_video src=\u00bbhttps:\/\/fundaciojuliomunozramonet.org\/wp-content\/uploads\/2023\/06\/fjmr-jardi.mp4&#8243; image_src=\u00bbhttps:\/\/fundaciojuliomunozramonet.org\/wp-content\/uploads\/2023\/06\/fundacio-julio-munoz-ramonet-video.jpg\u00bb play_icon_color=\u00bb#FF5562&#8243; _builder_version=\u00bb4.21.0&#8243; _module_preset=\u00bbdefault\u00bb global_colors_info=\u00bb{}\u00bb][\/et_pb_video]<\/p>\n<p>[\/et_pb_column][\/et_pb_row][\/et_pb_section]<\/p>\n","protected":false},"excerpt":{"rendered":"<p>El dise\u00f1o original de Forestier<span class='et-dropcap'>E<\/span>l dise\u00f1o original del jard\u00edn de la finca fue un encargo de Ferran Fabra i Puig, segundo marqu\u00e9s de Alella y primer propietario del inmueble, al franc\u00e9s Jean-Claude-Nicolas Forestier (1861-1930), conservador de los parques de Par\u00eds y uno de los paisajistas internacionales m\u00e1s reconocidos de la \u00e9poca. Forestier ajardin\u00f3 parte de [&hellip;]<\/p>\n","protected":false},"author":1,"featured_media":0,"parent":4137,"menu_order":0,"comment_status":"closed","ping_status":"closed","template":"","meta":{"_et_pb_use_builder":"on","_et_pb_old_content":"","_et_gb_content_width":"","footnotes":""},"class_list":["post-4205","page","type-page","status-publish","hentry"],"yoast_head":"<!-- This site is optimized with the Yoast SEO plugin v27.3 - https:\/\/yoast.com\/product\/yoast-seo-wordpress\/ -->\n<title>El jard\u00edn - Fundaci\u00f3 Julio Mu\u00f1oz Ramonet<\/title>\n<meta name=\"robots\" content=\"index, follow, max-snippet:-1, max-image-preview:large, max-video-preview:-1\" \/>\n<link rel=\"canonical\" href=\"https:\/\/fundaciojuliomunozramonet.org\/es\/los-espacios\/el-jardin\/\" \/>\n<meta property=\"og:locale\" content=\"es_ES\" \/>\n<meta property=\"og:type\" content=\"article\" \/>\n<meta property=\"og:title\" content=\"El jard\u00edn - Fundaci\u00f3 Julio Mu\u00f1oz Ramonet\" \/>\n<meta property=\"og:description\" content=\"El dise\u00f1o original de Forestierl dise\u00f1o original del jard\u00edn de la finca fue un encargo de Ferran Fabra i Puig, segundo marqu\u00e9s de Alella y primer propietario del inmueble, al franc\u00e9s Jean-Claude-Nicolas Forestier (1861-1930), conservador de los parques de Par\u00eds y uno de los paisajistas internacionales m\u00e1s reconocidos de la \u00e9poca. Forestier ajardin\u00f3 parte de [&hellip;]\" \/>\n<meta property=\"og:url\" content=\"https:\/\/fundaciojuliomunozramonet.org\/es\/los-espacios\/el-jardin\/\" \/>\n<meta property=\"og:site_name\" content=\"Fundaci\u00f3 Julio Mu\u00f1oz Ramonet\" \/>\n<meta property=\"article:modified_time\" content=\"2024-03-21T16:51:09+00:00\" \/>\n<meta name=\"twitter:card\" content=\"summary_large_image\" \/>\n<meta name=\"twitter:label1\" content=\"Tiempo de lectura\" \/>\n\t<meta name=\"twitter:data1\" content=\"9 minutos\" \/>\n<script type=\"application\/ld+json\" class=\"yoast-schema-graph\">{\"@context\":\"https:\\\/\\\/schema.org\",\"@graph\":[{\"@type\":\"WebPage\",\"@id\":\"https:\\\/\\\/fundaciojuliomunozramonet.org\\\/es\\\/los-espacios\\\/el-jardin\\\/\",\"url\":\"https:\\\/\\\/fundaciojuliomunozramonet.org\\\/es\\\/los-espacios\\\/el-jardin\\\/\",\"name\":\"El jard\u00edn - Fundaci\u00f3 Julio Mu\u00f1oz Ramonet\",\"isPartOf\":{\"@id\":\"https:\\\/\\\/fundaciojuliomunozramonet.org\\\/#website\"},\"datePublished\":\"2023-11-08T10:17:45+00:00\",\"dateModified\":\"2024-03-21T16:51:09+00:00\",\"breadcrumb\":{\"@id\":\"https:\\\/\\\/fundaciojuliomunozramonet.org\\\/es\\\/los-espacios\\\/el-jardin\\\/#breadcrumb\"},\"inLanguage\":\"es\",\"potentialAction\":[{\"@type\":\"ReadAction\",\"target\":[\"https:\\\/\\\/fundaciojuliomunozramonet.org\\\/es\\\/los-espacios\\\/el-jardin\\\/\"]}]},{\"@type\":\"BreadcrumbList\",\"@id\":\"https:\\\/\\\/fundaciojuliomunozramonet.org\\\/es\\\/los-espacios\\\/el-jardin\\\/#breadcrumb\",\"itemListElement\":[{\"@type\":\"ListItem\",\"position\":1,\"name\":\"Portada\",\"item\":\"https:\\\/\\\/fundaciojuliomunozramonet.org\\\/es\\\/\"},{\"@type\":\"ListItem\",\"position\":2,\"name\":\"Los espacios\",\"item\":\"https:\\\/\\\/fundaciojuliomunozramonet.org\\\/es\\\/los-espacios\\\/\"},{\"@type\":\"ListItem\",\"position\":3,\"name\":\"El jard\u00edn\"}]},{\"@type\":\"WebSite\",\"@id\":\"https:\\\/\\\/fundaciojuliomunozramonet.org\\\/#website\",\"url\":\"https:\\\/\\\/fundaciojuliomunozramonet.org\\\/\",\"name\":\"Fundaci\u00f3 Julio Mu\u00f1oz Ramonet\",\"description\":\"Fundaci\u00f3 Julio Mu\u00f1oz Ramonet\",\"potentialAction\":[{\"@type\":\"SearchAction\",\"target\":{\"@type\":\"EntryPoint\",\"urlTemplate\":\"https:\\\/\\\/fundaciojuliomunozramonet.org\\\/?s={search_term_string}\"},\"query-input\":{\"@type\":\"PropertyValueSpecification\",\"valueRequired\":true,\"valueName\":\"search_term_string\"}}],\"inLanguage\":\"es\"}]}<\/script>\n<!-- \/ Yoast SEO plugin. -->","yoast_head_json":{"title":"El jard\u00edn - Fundaci\u00f3 Julio Mu\u00f1oz Ramonet","robots":{"index":"index","follow":"follow","max-snippet":"max-snippet:-1","max-image-preview":"max-image-preview:large","max-video-preview":"max-video-preview:-1"},"canonical":"https:\/\/fundaciojuliomunozramonet.org\/es\/los-espacios\/el-jardin\/","og_locale":"es_ES","og_type":"article","og_title":"El jard\u00edn - Fundaci\u00f3 Julio Mu\u00f1oz Ramonet","og_description":"El dise\u00f1o original de Forestierl dise\u00f1o original del jard\u00edn de la finca fue un encargo de Ferran Fabra i Puig, segundo marqu\u00e9s de Alella y primer propietario del inmueble, al franc\u00e9s Jean-Claude-Nicolas Forestier (1861-1930), conservador de los parques de Par\u00eds y uno de los paisajistas internacionales m\u00e1s reconocidos de la \u00e9poca. Forestier ajardin\u00f3 parte de [&hellip;]","og_url":"https:\/\/fundaciojuliomunozramonet.org\/es\/los-espacios\/el-jardin\/","og_site_name":"Fundaci\u00f3 Julio Mu\u00f1oz Ramonet","article_modified_time":"2024-03-21T16:51:09+00:00","twitter_card":"summary_large_image","twitter_misc":{"Tiempo de lectura":"9 minutos"},"schema":{"@context":"https:\/\/schema.org","@graph":[{"@type":"WebPage","@id":"https:\/\/fundaciojuliomunozramonet.org\/es\/los-espacios\/el-jardin\/","url":"https:\/\/fundaciojuliomunozramonet.org\/es\/los-espacios\/el-jardin\/","name":"El jard\u00edn - Fundaci\u00f3 Julio Mu\u00f1oz Ramonet","isPartOf":{"@id":"https:\/\/fundaciojuliomunozramonet.org\/#website"},"datePublished":"2023-11-08T10:17:45+00:00","dateModified":"2024-03-21T16:51:09+00:00","breadcrumb":{"@id":"https:\/\/fundaciojuliomunozramonet.org\/es\/los-espacios\/el-jardin\/#breadcrumb"},"inLanguage":"es","potentialAction":[{"@type":"ReadAction","target":["https:\/\/fundaciojuliomunozramonet.org\/es\/los-espacios\/el-jardin\/"]}]},{"@type":"BreadcrumbList","@id":"https:\/\/fundaciojuliomunozramonet.org\/es\/los-espacios\/el-jardin\/#breadcrumb","itemListElement":[{"@type":"ListItem","position":1,"name":"Portada","item":"https:\/\/fundaciojuliomunozramonet.org\/es\/"},{"@type":"ListItem","position":2,"name":"Los espacios","item":"https:\/\/fundaciojuliomunozramonet.org\/es\/los-espacios\/"},{"@type":"ListItem","position":3,"name":"El jard\u00edn"}]},{"@type":"WebSite","@id":"https:\/\/fundaciojuliomunozramonet.org\/#website","url":"https:\/\/fundaciojuliomunozramonet.org\/","name":"Fundaci\u00f3 Julio Mu\u00f1oz Ramonet","description":"Fundaci\u00f3 Julio Mu\u00f1oz Ramonet","potentialAction":[{"@type":"SearchAction","target":{"@type":"EntryPoint","urlTemplate":"https:\/\/fundaciojuliomunozramonet.org\/?s={search_term_string}"},"query-input":{"@type":"PropertyValueSpecification","valueRequired":true,"valueName":"search_term_string"}}],"inLanguage":"es"}]}},"_links":{"self":[{"href":"https:\/\/fundaciojuliomunozramonet.org\/es\/wp-json\/wp\/v2\/pages\/4205","targetHints":{"allow":["GET"]}}],"collection":[{"href":"https:\/\/fundaciojuliomunozramonet.org\/es\/wp-json\/wp\/v2\/pages"}],"about":[{"href":"https:\/\/fundaciojuliomunozramonet.org\/es\/wp-json\/wp\/v2\/types\/page"}],"author":[{"embeddable":true,"href":"https:\/\/fundaciojuliomunozramonet.org\/es\/wp-json\/wp\/v2\/users\/1"}],"replies":[{"embeddable":true,"href":"https:\/\/fundaciojuliomunozramonet.org\/es\/wp-json\/wp\/v2\/comments?post=4205"}],"version-history":[{"count":10,"href":"https:\/\/fundaciojuliomunozramonet.org\/es\/wp-json\/wp\/v2\/pages\/4205\/revisions"}],"predecessor-version":[{"id":5919,"href":"https:\/\/fundaciojuliomunozramonet.org\/es\/wp-json\/wp\/v2\/pages\/4205\/revisions\/5919"}],"up":[{"embeddable":true,"href":"https:\/\/fundaciojuliomunozramonet.org\/es\/wp-json\/wp\/v2\/pages\/4137"}],"wp:attachment":[{"href":"https:\/\/fundaciojuliomunozramonet.org\/es\/wp-json\/wp\/v2\/media?parent=4205"}],"curies":[{"name":"wp","href":"https:\/\/api.w.org\/{rel}","templated":true}]}}