{"id":5075,"date":"2023-12-14T21:20:25","date_gmt":"2023-12-14T20:20:25","guid":{"rendered":"https:\/\/fundaciojuliomunozramonet.org\/rgpd\/"},"modified":"2024-01-25T16:13:06","modified_gmt":"2024-01-25T15:13:06","slug":"rgpd","status":"publish","type":"page","link":"https:\/\/fundaciojuliomunozramonet.org\/en\/rgpd\/","title":{"rendered":"RGPD"},"content":{"rendered":"<p>[et_pb_section fb_built=&#8221;1&#8243; _builder_version=&#8221;4.21.0&#8243; _module_preset=&#8221;default&#8221; background_color=&#8221;#FFFEFB&#8221; global_colors_info=&#8221;{}&#8221;][et_pb_row column_structure=&#8221;1_3,1_3,1_3&#8243; use_custom_gutter=&#8221;on&#8221; gutter_width=&#8221;2&#8243; _builder_version=&#8221;4.21.0&#8243; _module_preset=&#8221;default&#8221; locked=&#8221;off&#8221; global_colors_info=&#8221;{}&#8221;][et_pb_column type=&#8221;1_3&#8243; _builder_version=&#8221;4.21.0&#8243; _module_preset=&#8221;default&#8221; global_colors_info=&#8221;{}&#8221;][et_pb_button button_url=&#8221;https:\/\/fundaciojuliomunozramonet.org\/data-protection-policy\/?lang=en&#8221; button_text=&#8221;Data protection policy&#8221; admin_label=&#8221;Bot\u00f3: Protecci\u00f3 Dades&#8221; _builder_version=&#8221;4.21.0&#8243; _module_preset=&#8221;default&#8221; custom_button=&#8221;on&#8221; button_text_size=&#8221;18px&#8221; global_colors_info=&#8221;{}&#8221;][\/et_pb_button][\/et_pb_column][et_pb_column type=&#8221;1_3&#8243; _builder_version=&#8221;4.21.0&#8243; _module_preset=&#8221;default&#8221; global_colors_info=&#8221;{}&#8221;][et_pb_button button_url=&#8221;https:\/\/fundaciojuliomunozramonet.org\/register-of-processing-operations\/?lang=en&#8221; button_text=&#8221;Register of processing operations&#8221; admin_label=&#8221;Bot\u00f3: Registre Tractaments&#8221; _builder_version=&#8221;4.21.0&#8243; _module_preset=&#8221;default&#8221; custom_button=&#8221;on&#8221; button_text_size=&#8221;18px&#8221; global_colors_info=&#8221;{}&#8221;][\/et_pb_button][\/et_pb_column][et_pb_column type=&#8221;1_3&#8243; _builder_version=&#8221;4.21.0&#8243; _module_preset=&#8221;default&#8221; global_colors_info=&#8221;{}&#8221;][et_pb_button button_url=&#8221;https:\/\/fundaciojuliomunozramonet.org\/en\/rgpd\/&#8221; button_text=&#8221;Exercise your rights&#8221; admin_label=&#8221;Bot\u00f3: RGPD&#8221; _builder_version=&#8221;4.21.0&#8243; _module_preset=&#8221;default&#8221; custom_button=&#8221;on&#8221; button_text_size=&#8221;18px&#8221; button_text_color=&#8221;#FFFFFF&#8221; button_bg_color=&#8221;#ff5562&#8243; button_border_color=&#8221;#ff5562&#8243; background_layout=&#8221;dark&#8221; custom_css_main_element=&#8221;pointer-events: none;&#8221; global_colors_info=&#8221;{}&#8221;][\/et_pb_button][\/et_pb_column][\/et_pb_row][et_pb_row _builder_version=&#8221;4.21.0&#8243; _module_preset=&#8221;default&#8221; locked=&#8221;off&#8221; global_colors_info=&#8221;{}&#8221;][et_pb_column type=&#8221;4_4&#8243; _builder_version=&#8221;4.20.4&#8243; _module_preset=&#8221;default&#8221; global_colors_info=&#8221;{}&#8221;][et_pb_text _builder_version=&#8221;4.21.0&#8243; _module_preset=&#8221;default&#8221; header_font=&#8221;|300|||||||&#8221; header_text_color=&#8221;#FF5562&#8243; global_colors_info=&#8221;{}&#8221;]<\/p>\n<h1>Exercise your rights<\/h1>\n<p>[\/et_pb_text][\/et_pb_column][\/et_pb_row][et_pb_row column_structure=&#8221;3_5,2_5&#8243; _builder_version=&#8221;4.22.1&#8243; _module_preset=&#8221;default&#8221; hover_enabled=&#8221;0&#8243; global_colors_info=&#8221;{}&#8221; sticky_enabled=&#8221;0&#8243;][et_pb_column type=&#8221;3_5&#8243; _builder_version=&#8221;4.20.4&#8243; _module_preset=&#8221;default&#8221; global_colors_info=&#8221;{}&#8221;][et_pb_text admin_label=&#8221;Formulari acces&#8221; _builder_version=&#8221;4.22.1&#8243; _module_preset=&#8221;default&#8221; header_4_text_color=&#8221;#ff5562&#8243; background_color=&#8221;rgba(255,85,98,0.1)&#8221; custom_margin=&#8221;0px||0px||true|true&#8221; custom_padding=&#8221;20px|20px|20px|20px|true|true&#8221; border_radii=&#8221;off||||&#8221; locked=&#8221;off&#8221; global_colors_info=&#8221;{}&#8221;]<\/p>\n<p><a href=\"https:\/\/fundaciojuliomunozramonet.org\/wp-content\/uploads\/2023\/04\/acces.docx\"><span class=\"et-pb-icon\" style=\"font-size: 33px; color: #ff5562; padding: 15px;\">h <\/span><\/a><strong><a href=\"https:\/\/fundaciojuliomunozramonet.org\/wp-content\/uploads\/2023\/05\/acces_cat.docx\">Right of access form <\/a><\/strong><a href=\"https:\/\/fundaciojuliomunozramonet.org\/wp-content\/uploads\/2023\/04\/acces.docx\"><span style=\"color: #000000;\">(Word 151 Kb)<\/span><\/a><\/p>\n<p>[\/et_pb_text][et_pb_text admin_label=&#8221;Formulari videovigil\u00e0ncia&#8221; _builder_version=&#8221;4.22.1&#8243; _module_preset=&#8221;default&#8221; header_4_text_color=&#8221;#ff5562&#8243; background_color=&#8221;rgba(255,85,98,0.1)&#8221; custom_margin=&#8221;0px||0px||true|true&#8221; custom_padding=&#8221;20px|20px|20px|20px|true|true&#8221; border_radii=&#8221;off||||&#8221; locked=&#8221;off&#8221; global_colors_info=&#8221;{}&#8221;]<\/p>\n<p><a href=\"https:\/\/fundaciojuliomunozramonet.org\/wp-content\/uploads\/2023\/04\/videovigilancia.docx\"><span class=\"et-pb-icon\" style=\"font-size: 33px; color: #ff5562; padding: 15px;\">h <\/span><\/a><strong><a href=\"https:\/\/fundaciojuliomunozramonet.org\/wp-content\/uploads\/2023\/05\/videovigilancia_cat.docx\">Video surveillance access form <\/a><\/strong><a href=\"https:\/\/fundaciojuliomunozramonet.org\/wp-content\/uploads\/2023\/04\/acces.docx\"><span style=\"color: #000000;\">(Word 151 Kb)<\/span><\/a><\/p>\n<p>[\/et_pb_text][et_pb_text admin_label=&#8221;Formulari rectificaci\u00f3&#8221; _builder_version=&#8221;4.22.1&#8243; _module_preset=&#8221;default&#8221; header_4_text_color=&#8221;#ff5562&#8243; background_color=&#8221;rgba(255,85,98,0.1)&#8221; custom_margin=&#8221;0px||0px||true|true&#8221; custom_padding=&#8221;20px|20px|20px|20px|true|true&#8221; border_radii=&#8221;off||||&#8221; locked=&#8221;off&#8221; global_colors_info=&#8221;{}&#8221;]<\/p>\n<p><a href=\"https:\/\/fundaciojuliomunozramonet.org\/wp-content\/uploads\/2023\/04\/rectificacio.docx\"><span class=\"et-pb-icon\" style=\"font-size: 33px; color: #ff5562; padding: 15px;\">h <\/span><\/a><strong><a href=\"https:\/\/fundaciojuliomunozramonet.org\/wp-content\/uploads\/2023\/05\/rectificacio_cat.docx\">Right of rectification form <\/a><\/strong><a href=\"https:\/\/fundaciojuliomunozramonet.org\/wp-content\/uploads\/2023\/04\/acces.docx\"><span style=\"color: #000000;\">(Word 151 Kb)<\/span><\/a><\/p>\n<p>[\/et_pb_text][et_pb_text admin_label=&#8221;Formulari cancel\u00b7laci\u00f3&#8221; _builder_version=&#8221;4.22.1&#8243; _module_preset=&#8221;default&#8221; header_4_text_color=&#8221;#ff5562&#8243; background_color=&#8221;rgba(255,85,98,0.1)&#8221; custom_margin=&#8221;0px||0px||true|true&#8221; custom_padding=&#8221;20px|20px|20px|20px|true|true&#8221; border_radii=&#8221;off||||&#8221; locked=&#8221;off&#8221; global_colors_info=&#8221;{}&#8221;]<\/p>\n<p><a href=\"https:\/\/fundaciojuliomunozramonet.org\/wp-content\/uploads\/2023\/04\/cancellacio.docx\"><span class=\"et-pb-icon\" style=\"font-size: 33px; color: #ff5562; padding: 15px;\">h <\/span><\/a><strong><a href=\"https:\/\/fundaciojuliomunozramonet.org\/wp-content\/uploads\/2023\/05\/cancellacio_cat.docx\">Cancellation form <\/a><\/strong><a href=\"https:\/\/fundaciojuliomunozramonet.org\/wp-content\/uploads\/2023\/04\/acces.docx\"><span style=\"color: #000000;\">(Word 150 Kb)<\/span><\/a><\/p>\n<p>[\/et_pb_text][et_pb_text admin_label=&#8221;Formulari limitaci\u00f3&#8221; _builder_version=&#8221;4.22.1&#8243; _module_preset=&#8221;default&#8221; header_4_text_color=&#8221;#ff5562&#8243; background_color=&#8221;rgba(255,85,98,0.1)&#8221; custom_margin=&#8221;0px||0px||true|true&#8221; custom_padding=&#8221;20px|20px|20px|20px|true|true&#8221; border_radii=&#8221;off||||&#8221; locked=&#8221;off&#8221; global_colors_info=&#8221;{}&#8221;]<\/p>\n<p><a href=\"https:\/\/fundaciojuliomunozramonet.org\/wp-content\/uploads\/2023\/04\/limitacio.docx\"><span class=\"et-pb-icon\" style=\"font-size: 33px; color: #ff5562; padding: 15px;\">h <\/span><\/a><strong><a href=\"https:\/\/fundaciojuliomunozramonet.org\/wp-content\/uploads\/2023\/05\/limitacio_cat.docx\">Restriction form <\/a><\/strong><a href=\"https:\/\/fundaciojuliomunozramonet.org\/wp-content\/uploads\/2023\/05\/limitacio_cat.docx\"><span style=\"color: #000000;\">(Word 149 Kb)<\/span><\/a><\/p>\n<p>[\/et_pb_text][et_pb_text admin_label=&#8221;Formulari oposici\u00f3&#8221; _builder_version=&#8221;4.22.1&#8243; _module_preset=&#8221;default&#8221; header_4_text_color=&#8221;#ff5562&#8243; background_color=&#8221;rgba(255,85,98,0.1)&#8221; custom_margin=&#8221;0px||0px||true|true&#8221; custom_padding=&#8221;20px|20px|20px|20px|true|true&#8221; border_radii=&#8221;off||||&#8221; locked=&#8221;off&#8221; global_colors_info=&#8221;{}&#8221;]<\/p>\n<p><a href=\"https:\/\/fundaciojuliomunozramonet.org\/wp-content\/uploads\/2023\/04\/oposicio.docx\"><span class=\"et-pb-icon\" style=\"font-size: 33px; color: #ff5562; padding: 15px;\">h <\/span><\/a><strong><a href=\"https:\/\/fundaciojuliomunozramonet.org\/wp-content\/uploads\/2023\/05\/oposicio_cat.docx\">Opposition form <\/a><\/strong><a href=\"https:\/\/fundaciojuliomunozramonet.org\/wp-content\/uploads\/2023\/05\/oposicio_cat.docx\"><span style=\"color: #000000;\">(Word 150 Kb)<\/span><\/a><\/p>\n<p>[\/et_pb_text][\/et_pb_column][et_pb_column type=&#8221;2_5&#8243; _builder_version=&#8221;4.20.4&#8243; _module_preset=&#8221;default&#8221; global_colors_info=&#8221;{}&#8221;][\/et_pb_column][\/et_pb_row][\/et_pb_section]<\/p>\n","protected":false},"excerpt":{"rendered":"<p>Exercise your rightsh Right of access form (Word 151 Kb)h Video surveillance access form (Word 151 Kb)h Right of rectification form (Word 151 Kb)h Cancellation form (Word 150 Kb)h Restriction form (Word 149 Kb)h Opposition form (Word 150 Kb)<\/p>\n","protected":false},"author":1,"featured_media":0,"parent":0,"menu_order":0,"comment_status":"closed","ping_status":"closed","template":"","meta":{"_et_pb_use_builder":"on","_et_pb_old_content":"","_et_gb_content_width":"","footnotes":""},"class_list":["post-5075","page","type-page","status-publish","hentry"],"yoast_head":"<!-- This site is optimized with the Yoast SEO plugin v27.3 - https:\/\/yoast.com\/product\/yoast-seo-wordpress\/ -->\n<title>RGPD - Fundaci\u00f3 Julio Mu\u00f1oz Ramonet<\/title>\n<meta name=\"robots\" content=\"index, follow, max-snippet:-1, max-image-preview:large, max-video-preview:-1\" \/>\n<link rel=\"canonical\" href=\"https:\/\/fundaciojuliomunozramonet.org\/en\/rgpd\/\" \/>\n<meta property=\"og:locale\" content=\"en_US\" \/>\n<meta property=\"og:type\" content=\"article\" \/>\n<meta property=\"og:title\" content=\"RGPD - Fundaci\u00f3 Julio Mu\u00f1oz Ramonet\" \/>\n<meta property=\"og:description\" content=\"Exercise your rightsh Right of access form (Word 151 Kb)h Video surveillance access form (Word 151 Kb)h Right of rectification form (Word 151 Kb)h Cancellation form (Word 150 Kb)h Restriction form (Word 149 Kb)h Opposition form (Word 150 Kb)\" \/>\n<meta property=\"og:url\" content=\"https:\/\/fundaciojuliomunozramonet.org\/rgpd\/\" \/>\n<meta property=\"og:site_name\" content=\"Fundaci\u00f3 Julio Mu\u00f1oz Ramonet\" \/>\n<meta property=\"article:modified_time\" content=\"2024-01-25T15:13:06+00:00\" \/>\n<meta name=\"twitter:card\" content=\"summary_large_image\" \/>\n<meta name=\"twitter:label1\" content=\"Est. reading time\" \/>\n\t<meta name=\"twitter:data1\" content=\"3 minutes\" \/>\n<script type=\"application\/ld+json\" class=\"yoast-schema-graph\">{\"@context\":\"https:\\\/\\\/schema.org\",\"@graph\":[{\"@type\":\"WebPage\",\"@id\":\"https:\\\/\\\/fundaciojuliomunozramonet.org\\\/rgpd\\\/\",\"url\":\"https:\\\/\\\/fundaciojuliomunozramonet.org\\\/rgpd\\\/\",\"name\":\"RGPD - Fundaci\u00f3 Julio Mu\u00f1oz Ramonet\",\"isPartOf\":{\"@id\":\"https:\\\/\\\/fundaciojuliomunozramonet.org\\\/#website\"},\"datePublished\":\"2023-12-14T20:20:25+00:00\",\"dateModified\":\"2024-01-25T15:13:06+00:00\",\"breadcrumb\":{\"@id\":\"https:\\\/\\\/fundaciojuliomunozramonet.org\\\/rgpd\\\/#breadcrumb\"},\"inLanguage\":\"en-US\",\"potentialAction\":[{\"@type\":\"ReadAction\",\"target\":[\"https:\\\/\\\/fundaciojuliomunozramonet.org\\\/rgpd\\\/\"]}]},{\"@type\":\"BreadcrumbList\",\"@id\":\"https:\\\/\\\/fundaciojuliomunozramonet.org\\\/rgpd\\\/#breadcrumb\",\"itemListElement\":[{\"@type\":\"ListItem\",\"position\":1,\"name\":\"Portada\",\"item\":\"https:\\\/\\\/fundaciojuliomunozramonet.org\\\/en\\\/\"},{\"@type\":\"ListItem\",\"position\":2,\"name\":\"RGPD\"}]},{\"@type\":\"WebSite\",\"@id\":\"https:\\\/\\\/fundaciojuliomunozramonet.org\\\/#website\",\"url\":\"https:\\\/\\\/fundaciojuliomunozramonet.org\\\/\",\"name\":\"Fundaci\u00f3 Julio Mu\u00f1oz Ramonet\",\"description\":\"Fundaci\u00f3 Julio Mu\u00f1oz Ramonet\",\"potentialAction\":[{\"@type\":\"SearchAction\",\"target\":{\"@type\":\"EntryPoint\",\"urlTemplate\":\"https:\\\/\\\/fundaciojuliomunozramonet.org\\\/?s={search_term_string}\"},\"query-input\":{\"@type\":\"PropertyValueSpecification\",\"valueRequired\":true,\"valueName\":\"search_term_string\"}}],\"inLanguage\":\"en-US\"}]}<\/script>\n<!-- \/ Yoast SEO plugin. -->","yoast_head_json":{"title":"RGPD - Fundaci\u00f3 Julio Mu\u00f1oz Ramonet","robots":{"index":"index","follow":"follow","max-snippet":"max-snippet:-1","max-image-preview":"max-image-preview:large","max-video-preview":"max-video-preview:-1"},"canonical":"https:\/\/fundaciojuliomunozramonet.org\/en\/rgpd\/","og_locale":"en_US","og_type":"article","og_title":"RGPD - Fundaci\u00f3 Julio Mu\u00f1oz Ramonet","og_description":"Exercise your rightsh Right of access form (Word 151 Kb)h Video surveillance access form (Word 151 Kb)h Right of rectification form (Word 151 Kb)h Cancellation form (Word 150 Kb)h Restriction form (Word 149 Kb)h Opposition form (Word 150 Kb)","og_url":"https:\/\/fundaciojuliomunozramonet.org\/rgpd\/","og_site_name":"Fundaci\u00f3 Julio Mu\u00f1oz Ramonet","article_modified_time":"2024-01-25T15:13:06+00:00","twitter_card":"summary_large_image","twitter_misc":{"Est. reading time":"3 minutes"},"schema":{"@context":"https:\/\/schema.org","@graph":[{"@type":"WebPage","@id":"https:\/\/fundaciojuliomunozramonet.org\/rgpd\/","url":"https:\/\/fundaciojuliomunozramonet.org\/rgpd\/","name":"RGPD - Fundaci\u00f3 Julio Mu\u00f1oz Ramonet","isPartOf":{"@id":"https:\/\/fundaciojuliomunozramonet.org\/#website"},"datePublished":"2023-12-14T20:20:25+00:00","dateModified":"2024-01-25T15:13:06+00:00","breadcrumb":{"@id":"https:\/\/fundaciojuliomunozramonet.org\/rgpd\/#breadcrumb"},"inLanguage":"en-US","potentialAction":[{"@type":"ReadAction","target":["https:\/\/fundaciojuliomunozramonet.org\/rgpd\/"]}]},{"@type":"BreadcrumbList","@id":"https:\/\/fundaciojuliomunozramonet.org\/rgpd\/#breadcrumb","itemListElement":[{"@type":"ListItem","position":1,"name":"Portada","item":"https:\/\/fundaciojuliomunozramonet.org\/en\/"},{"@type":"ListItem","position":2,"name":"RGPD"}]},{"@type":"WebSite","@id":"https:\/\/fundaciojuliomunozramonet.org\/#website","url":"https:\/\/fundaciojuliomunozramonet.org\/","name":"Fundaci\u00f3 Julio Mu\u00f1oz Ramonet","description":"Fundaci\u00f3 Julio Mu\u00f1oz Ramonet","potentialAction":[{"@type":"SearchAction","target":{"@type":"EntryPoint","urlTemplate":"https:\/\/fundaciojuliomunozramonet.org\/?s={search_term_string}"},"query-input":{"@type":"PropertyValueSpecification","valueRequired":true,"valueName":"search_term_string"}}],"inLanguage":"en-US"}]}},"_links":{"self":[{"href":"https:\/\/fundaciojuliomunozramonet.org\/en\/wp-json\/wp\/v2\/pages\/5075","targetHints":{"allow":["GET"]}}],"collection":[{"href":"https:\/\/fundaciojuliomunozramonet.org\/en\/wp-json\/wp\/v2\/pages"}],"about":[{"href":"https:\/\/fundaciojuliomunozramonet.org\/en\/wp-json\/wp\/v2\/types\/page"}],"author":[{"embeddable":true,"href":"https:\/\/fundaciojuliomunozramonet.org\/en\/wp-json\/wp\/v2\/users\/1"}],"replies":[{"embeddable":true,"href":"https:\/\/fundaciojuliomunozramonet.org\/en\/wp-json\/wp\/v2\/comments?post=5075"}],"version-history":[{"count":6,"href":"https:\/\/fundaciojuliomunozramonet.org\/en\/wp-json\/wp\/v2\/pages\/5075\/revisions"}],"predecessor-version":[{"id":5607,"href":"https:\/\/fundaciojuliomunozramonet.org\/en\/wp-json\/wp\/v2\/pages\/5075\/revisions\/5607"}],"wp:attachment":[{"href":"https:\/\/fundaciojuliomunozramonet.org\/en\/wp-json\/wp\/v2\/media?parent=5075"}],"curies":[{"name":"wp","href":"https:\/\/api.w.org\/{rel}","templated":true}]}}