{"id":4945,"date":"2023-12-14T13:07:01","date_gmt":"2023-12-14T12:07:01","guid":{"rendered":"https:\/\/fundaciojuliomunozramonet.org\/home\/"},"modified":"2026-04-09T15:22:54","modified_gmt":"2026-04-09T13:22:54","slug":"home","status":"publish","type":"page","link":"https:\/\/fundaciojuliomunozramonet.org\/en\/","title":{"rendered":"Home"},"content":{"rendered":"<p>[et_pb_section fb_built=&#8221;1&#8243; fullwidth=&#8221;on&#8221; _builder_version=&#8221;4.24.2&#8243; _module_preset=&#8221;default&#8221; background_color=&#8221;#FFFEFB&#8221; custom_padding=&#8221;||||false|false&#8221; global_colors_info=&#8221;{}&#8221;][et_pb_fullwidth_slider show_pagination=&#8221;off&#8221; use_bg_overlay=&#8221;off&#8221; arrows_custom_color=&#8221;#FF5562&#8243; module_id=&#8221;#concurs&#8221; _builder_version=&#8221;4.27.6&#8243; _module_preset=&#8221;default&#8221; header_level=&#8221;h3&#8243; header_text_color=&#8221;#FF5562&#8243; background_enable_color=&#8221;off&#8221; background_image=&#8221;https:\/\/fundaciojuliomunozramonet.org\/wp-content\/uploads\/2023\/06\/fundacio-julio-munoz-ramonet-slide-2.jpg&#8221; custom_button=&#8221;on&#8221; button_text_color=&#8221;#FF5562&#8243; button_bg_color=&#8221;RGBA(255,255,255,0)&#8221; button_border_color=&#8221;#FF5562&#8243; button_border_radius=&#8221;4px&#8221; button_icon=&#8221;&#x24;||divi||400&#8243; button_icon_color=&#8221;#000000&#8243; custom_padding=&#8221;||||false|false&#8221; hover_enabled=&#8221;0&#8243; background_last_edited=&#8221;on|phone&#8221; global_colors_info=&#8221;{}&#8221; sticky_enabled=&#8221;0&#8243;][et_pb_slide heading=&#8221;Cultural agenda&#8221; button_text=&#8221;Discover it!&#8221; button_link=&#8221;https:\/\/fundaciojuliomunozramonet.org\/en\/activities&#8221; use_bg_overlay=&#8221;off&#8221; use_text_overlay=&#8221;on&#8221; text_overlay_color=&#8221;rgba(255,255,255,0.9)&#8221; text_border_radius=&#8221;5px&#8221; _builder_version=&#8221;4.27.6&#8243; _module_preset=&#8221;default&#8221; header_level=&#8221;h3&#8243; header_font=&#8221;||||||||&#8221; header_text_color=&#8221;#FF5562&#8243; header_font_size=&#8221;53px&#8221; body_font_size=&#8221;24px&#8221; background_enable_color=&#8221;off&#8221; background_image=&#8221;https:\/\/fundaciojuliomunozramonet.org\/wp-content\/uploads\/2026\/04\/slide-agenda-cultural-2026-1.jpg&#8221; background_enable_image=&#8221;on&#8221; custom_button=&#8221;on&#8221; button_text_color=&#8221;#FF5562&#8243; button_bg_color=&#8221;#FFFFFF&#8221; button_border_width=&#8221;0px&#8221; button_border_color=&#8221;#FF5562&#8243; background_layout=&#8221;light&#8221; width_tablet=&#8221;&#8221; width_phone=&#8221;&#8221; width_last_edited=&#8221;on|tablet&#8221; hover_enabled=&#8221;0&#8243; header_font_size_tablet=&#8221;&#8221; header_font_size_phone=&#8221;24px&#8221; header_font_size_last_edited=&#8221;on|phone&#8221; body_font_size_tablet=&#8221;24px&#8221; body_font_size_phone=&#8221;18px&#8221; body_font_size_last_edited=&#8221;on|phone&#8221; global_colors_info=&#8221;{}&#8221; sticky_transition=&#8221;on&#8221; title_text=&#8221;slide-agenda-cultural-2026&#8243; sticky_enabled=&#8221;0&#8243;]<\/p>\n<h3><strong>Explore, discover and enjoy the scheduled activities<\/strong><\/h3>\n<p>[\/et_pb_slide][et_pb_slide heading=&#8221;The garden&#8221; button_text=&#8221;Discover it!&#8221; button_link=&#8221;https:\/\/fundaciojuliomunozramonet.org\/en\/the-spaces\/the-garden\/&#8221; use_bg_overlay=&#8221;off&#8221; use_text_overlay=&#8221;on&#8221; text_overlay_color=&#8221;rgba(255,255,255,0.9)&#8221; text_border_radius=&#8221;5px&#8221; _builder_version=&#8221;4.27.4&#8243; _module_preset=&#8221;default&#8221; header_level=&#8221;h3&#8243; header_font=&#8221;||||||||&#8221; header_text_color=&#8221;#FF5562&#8243; header_font_size=&#8221;53px&#8221; body_font_size=&#8221;24px&#8221; background_enable_color=&#8221;off&#8221; background_image=&#8221;https:\/\/fundaciojuliomunozramonet.org\/wp-content\/uploads\/2023\/06\/fundacio-julio-munoz-ramonet-slide-2.jpg&#8221; background_enable_image=&#8221;on&#8221; custom_button=&#8221;on&#8221; button_text_color=&#8221;#F6F5EE&#8221; button_bg_color=&#8221;#FF5562&#8243; button_border_width=&#8221;2px&#8221; button_border_color=&#8221;#FF5562&#8243; background_layout=&#8221;light&#8221; width_tablet=&#8221;&#8221; width_phone=&#8221;&#8221; width_last_edited=&#8221;on|tablet&#8221; header_font_size_tablet=&#8221;&#8221; header_font_size_phone=&#8221;24px&#8221; header_font_size_last_edited=&#8221;on|phone&#8221; body_font_size_tablet=&#8221;24px&#8221; body_font_size_phone=&#8221;18px&#8221; body_font_size_last_edited=&#8221;on|phone&#8221; global_colors_info=&#8221;{}&#8221; sticky_transition=&#8221;on&#8221;]<\/p>\n<h3><strong>A GREEN SPACE FOR THE CITY<\/strong><\/h3>\n<p>Open to the public every day of the year from 10 a.m. to 8 p.m<\/p>\n<p>[\/et_pb_slide][\/et_pb_fullwidth_slider][\/et_pb_section][et_pb_section fb_built=&#8221;1&#8243; _builder_version=&#8221;4.24.2&#8243; _module_preset=&#8221;default&#8221; background_color=&#8221;#FFFEFB&#8221; global_colors_info=&#8221;{}&#8221;][et_pb_row column_structure=&#8221;2_3,1_3&#8243; _builder_version=&#8221;4.21.0&#8243; _module_preset=&#8221;default&#8221; global_colors_info=&#8221;{}&#8221;][et_pb_column type=&#8221;2_3&#8243; _builder_version=&#8221;4.17.3&#8243; _module_preset=&#8221;default&#8221; global_colors_info=&#8221;{}&#8221;][et_pb_image src=&#8221;https:\/\/fundaciojuliomunozramonet.org\/wp-content\/uploads\/2023\/06\/fundacio-julio-munoz-ramonet-home-6.jpg&#8221; title_text=&#8221;fundacio-julio-mun\u0303oz-ramonet-home-8&#8243; admin_label=&#8221;Foto: Edifici&#8221; _builder_version=&#8221;4.27.5&#8243; _module_preset=&#8221;default&#8221; custom_margin=&#8221;||0px||false|false&#8221; border_radii=&#8221;off||50px||&#8221; global_colors_info=&#8221;{}&#8221; src__hover_enabled=&#8221;on|hover&#8221; src__hover=&#8221;https:\/\/fundaciojuliomunozramonet.org\/wp-content\/uploads\/2023\/06\/fundacio-julio-munoz-ramonet-home-8.jpg&#8221;][\/et_pb_image][\/et_pb_column][et_pb_column type=&#8221;1_3&#8243; _builder_version=&#8221;4.17.3&#8243; _module_preset=&#8221;default&#8221; global_colors_info=&#8221;{}&#8221;][et_pb_text admin_label=&#8221;Texto: Edifici&#8221; _builder_version=&#8221;4.25.1&#8243; _module_preset=&#8221;1f09816e-184e-4ce5-a4cf-b39c52c423ca&#8221; text_font=&#8221;|300|||||||&#8221; text_text_color=&#8221;#FFFFFF&#8221; text_font_size=&#8221;20px&#8221; text_line_height=&#8221;1.8em&#8221; header_3_font=&#8221;|300|||||||&#8221; header_3_text_color=&#8221;#ffffff&#8221; header_3_font_size=&#8221;25px&#8221; background_color=&#8221;#FF5562&#8243; custom_margin=&#8221;150px|||-150px|false|false&#8221; custom_margin_tablet=&#8221;150px|||-150px|false|false&#8221; custom_margin_phone=&#8221;0px|||0px|false|false&#8221; custom_margin_last_edited=&#8221;on|phone&#8221; custom_padding=&#8221;30px|30px|30px|30px|true|true&#8221; text_font_size_tablet=&#8221;15px&#8221; text_font_size_phone=&#8221;14px&#8221; text_font_size_last_edited=&#8221;on|phone&#8221; header_font_size_tablet=&#8221;55px&#8221; header_font_size_last_edited=&#8221;off|desktop&#8221; border_radii=&#8221;off||50px||&#8221; global_colors_info=&#8221;{}&#8221;]<\/p>\n<h3>The Foundation<\/h3>\n<p>Julio Mu\u00f1oz Ramonet (Barcelona, 1916 &#8211; Ciora, 1991) left the property at 282 Muntaner Street, including the garden and the entire contents of his extensive and valuable art collection, to a foundation that would bear his name. Its purpose would be the conservation and maintenance of its facilities, as well as its public use, with the aim of promoting, disseminating, and defending culture, under the protection of the Patronage of the Ciutat de Barcelona.[\/et_pb_text][et_pb_button button_url=&#8221;https:\/\/fundaciojuliomunozramonet.org\/en\/the-foundation\/the-story-of-a-legacy\/&#8221; button_text=&#8221;Discover it!&#8221; _builder_version=&#8221;4.24.2&#8243; _module_preset=&#8221;default&#8221; custom_button=&#8221;on&#8221; button_bg_color=&#8221;RGBA(255,255,255,0)&#8221; button_icon=&#8221;&#x24;||divi||400&#8243; button_icon_color=&#8221;#000000&#8243; global_colors_info=&#8221;{}&#8221;][\/et_pb_button][\/et_pb_column][\/et_pb_row][\/et_pb_section][et_pb_section fb_built=&#8221;1&#8243; admin_label=&#8221;Not\u00edcies carrousel&#8221; _builder_version=&#8221;4.24.2&#8243; _module_preset=&#8221;default&#8221; background_color=&#8221;RGBA(255,255,255,0)&#8221; locked=&#8221;off&#8221; global_colors_info=&#8221;{}&#8221;][et_pb_row _builder_version=&#8221;4.23&#8243; _module_preset=&#8221;default&#8221; background_color=&#8221;RGBA(255,255,255,0)&#8221; global_colors_info=&#8221;{}&#8221;][et_pb_column type=&#8221;4_4&#8243; _builder_version=&#8221;4.17.3&#8243; _module_preset=&#8221;default&#8221; global_colors_info=&#8221;{}&#8221;][et_pb_code _builder_version=&#8221;4.23&#8243; _module_preset=&#8221;default&#8221; background_color=&#8221;rgba(255,85,98,0.3)&#8221; text_orientation=&#8221;center&#8221; link_option_url=&#8221;https:\/\/fundaciojuliomunozramonet.org\/en\/agenda\/guided-tours\/&#8221; global_colors_info=&#8221;{}&#8221;]<\/p>\n<div id=\"rssBlock\"><!-- [et_pb_line_break_holder] --><!-- [et_pb_line_break_holder] --><!-- [et_pb_line_break_holder] --><!-- [et_pb_line_break_holder] --><pee class=\"cnnContents\"><!-- [et_pb_line_break_holder] --> <span class=\"marqueeStyle\">\u00a0News News News News<\/span><!-- [et_pb_line_break_holder] --> <!-- duplicate above, change style to allow continous scroll --><!-- [et_pb_line_break_holder] --> <span class=\"marqueeStyle2\">\u00a0News News News News<\/span><!-- [et_pb_line_break_holder] --><\/pee><!-- [et_pb_line_break_holder] --><!-- [et_pb_line_break_holder] --><!-- [et_pb_line_break_holder] --><!-- [et_pb_line_break_holder] --><\/div>\n<p><!-- [et_pb_line_break_holder] --><!-- [et_pb_line_break_holder] --><!-- [et_pb_line_break_holder] -->[\/et_pb_code][\/et_pb_column][\/et_pb_row][\/et_pb_section][et_pb_section fb_built=&#8221;1&#8243; _builder_version=&#8221;4.24.2&#8243; _module_preset=&#8221;default&#8221; background_color=&#8221;#F6F5EE&#8221; global_colors_info=&#8221;{}&#8221;][et_pb_row column_structure=&#8221;1_2,1_2&#8243; make_equal=&#8221;on&#8221; _builder_version=&#8221;4.21.0&#8243; _module_preset=&#8221;default&#8221; global_colors_info=&#8221;{}&#8221;][et_pb_column type=&#8221;1_2&#8243; _builder_version=&#8221;4.21.0&#8243; _module_preset=&#8221;default&#8221; global_colors_info=&#8221;{}&#8221;][et_pb_divider divider_position=&#8221;bottom&#8221; divider_weight=&#8221;2px&#8221; _builder_version=&#8221;4.21.0&#8243; _module_preset=&#8221;default&#8221; global_colors_info=&#8221;{}&#8221;][\/et_pb_divider][et_pb_text _builder_version=&#8221;4.21.0&#8243; _module_preset=&#8221;default&#8221; header_font=&#8221;|300|||||||&#8221; header_text_color=&#8221;#FF5562&#8243; global_colors_info=&#8221;{}&#8221;]<\/p>\n<h1>How to get there<\/h1>\n<p>[\/et_pb_text][et_pb_code _builder_version=&#8221;4.21.0&#8243; _module_preset=&#8221;default&#8221; filter_saturate=&#8221;0%&#8221; border_radii=&#8221;on|px|px|px|px&#8221; global_colors_info=&#8221;{}&#8221;]<iframe loading=\"lazy\" style=\"border: 0;\" src=\"https:\/\/www.google.com\/maps\/embed?pb=!1m18!1m12!1m3!1d2992.9732221225354!2d2.1444127128222505!3d41.396387895315385!2m3!1f0!2f0!3f0!3m2!1i1024!2i768!4f13.1!3m3!1m2!1s0x12a4a29dd8009787%3A0x5c50a8200f64a48f!2sJardines%20de%20Mu%C3%B1oz%20Ramonet!5e0!3m2!1ses!2ses!4v1684773122880!5m2!1ses!2ses\" width=\"600\" height=\"400\" allowfullscreen=\"allowfullscreen\"><\/iframe>[\/et_pb_code][\/et_pb_column][et_pb_column type=&#8221;1_2&#8243; _builder_version=&#8221;4.21.0&#8243; _module_preset=&#8221;default&#8221; global_colors_info=&#8221;{}&#8221;][et_pb_divider divider_position=&#8221;bottom&#8221; divider_weight=&#8221;2px&#8221; _builder_version=&#8221;4.21.0&#8243; _module_preset=&#8221;default&#8221; global_colors_info=&#8221;{}&#8221;][\/et_pb_divider][et_pb_text _builder_version=&#8221;4.21.0&#8243; _module_preset=&#8221;default&#8221; header_font=&#8221;|300|||||||&#8221; header_text_color=&#8221;#FF5562&#8243; global_colors_info=&#8221;{}&#8221;]<\/p>\n<h1>Newsletter<\/h1>\n<p>[\/et_pb_text][et_pb_signup mailchimp_list=&#8221;Amics Fundaci\u00f3|9b999e6eae&#8221; layout=&#8221;right_left&#8221; name_field=&#8221;on&#8221; success_message=&#8221;You have successfully subscribed!&#8221; button_text=&#8221;Subscribe to it!&#8221; description=&#8221;<\/p>\n<p><strong>Basic information on data protection:<\/strong><br \/>\u2022   Responsible for the treatment: your personal data is treated by the Julio Mu\u00f1oz Ramonet Foundation under treatment n\u00ba 2001 which you can consult at <a href=%22https:\/\/seuelectronica.ajuntament.barcelona.cat\/ca\/proteccio-de-dades%22 data-saferedirecturl=%22https:\/\/www.google.com\/url?q=https:\/\/seuelectronica.ajuntament.barcelona.cat\/ca\/proteccio-de-dades&#038;source=gmail&#038;ust=1688033561927000&#038;usg=AOvVaw3ham32LcZlrMk6FRaM74Kf%22>https:\/\/seuelectronica.ajuntament.barcelona.cat\/ca\/proteccio-de-dades<\/a><br \/>\u2022   Purpose of the treatment: management of informative communications related to the activities carried out at the Foundation.<br \/>\u2022 Rights of individuals: you can exercise the rights of access, rectification, deletion, opposition and limitation on your personal data, by sending an email to <a href=%22mailto:fundaciojmr@bcn.cat%22>fundaciojmr@bcn.cat<\/a> and through the link <a href=%22https:\/\/fundaciojuliomunozramonet.org\/rgpd\/%22 data-saferedirecturl=%22https:\/\/www.google.com\/url?q=https:\/\/fundaciojuliomunozramonet.org\/rgpd\/&#038;source=gmail&#038;ust=1688033561927000&#038;usg=AOvVaw2JhtT2M41ihPxSdeekcEro%22> https:\/\/fundaciojuliomunozramonet.org\/rgpd\/<\/a><br \/>\u2022 Information: You can find all the information in our privacy and data protection policy at <a href=%22https:\/\/fundaciojuliomunozramonet.org\/proteccio-dades\/%22 data-saferedirecturl=%22https:\/\/www.google.com\/url?q=https:\/\/fundaciojuliomunozramonet.org\/proteccio-dades\/&#038;source=gmail&#038;ust=1688033561927000&#038;usg=AOvVaw1U9sTvTkl47jYUGg35hp59%22>https:\/\/fundaciojuliomunozramonet.org\/proteccio-dades\/<\/a><\/p>\n<p>&#8221; admin_label=&#8221;Correo Electr\u00f3nico Optin&#8221; module_class=&#8221;dt-eom&#8221; _builder_version=&#8221;4.24.0&#8243; _module_preset=&#8221;default&#8221; form_field_background_color=&#8221;RGBA(255,255,255,0)&#8221; form_field_text_color=&#8221;#000000&#8243; form_field_custom_padding=&#8221;10px|10px|10px|10px|true|true&#8221; body_text_color=&#8221;#000000&#8243; body_font_size=&#8221;10px&#8221; body_line_height=&#8221;1.2em&#8221; form_field_font=&#8221;Inter|300|||||||&#8221; form_field_font_size=&#8221;20px&#8221; use_background_color=&#8221;off&#8221; custom_button=&#8221;on&#8221; button_text_color=&#8221;#FF5562&#8243; button_bg_color=&#8221;RGBA(255,255,255,0)&#8221; button_border_color=&#8221;#FF5562&#8243; button_icon=&#8221;&#x24;||divi||400&#8243; button_icon_color=&#8221;#000000&#8243; button_bg_color_last_edited=&#8221;off|desktop&#8221; border_radii_fields=&#8221;on|5px|5px|5px|5px&#8221; border_width_all_fields=&#8221;2px&#8221; border_color_all_fields=&#8221;#FF5562&#8243; global_colors_info=&#8221;{}&#8221; button_bg_color__hover_enabled=&#8221;on|desktop&#8221; button_bg_color__hover=&#8221;RGBA(255,255,255,0)&#8221; button_bg_enable_color__hover=&#8221;on&#8221; button_border_color__hover_enabled=&#8221;on|hover&#8221; button_border_color__hover=&#8221;RGBA(255,255,255,0)&#8221;][\/et_pb_signup][\/et_pb_column][\/et_pb_row][\/et_pb_section]<\/p>\n","protected":false},"excerpt":{"rendered":"<p>Explore, discover and enjoy the scheduled activitiesA GREEN SPACE FOR THE CITY Open to the public every day of the year from 10 a.m. to 8 p.mThe Foundation Julio Mu\u00f1oz Ramonet (Barcelona, 1916 &#8211; Ciora, 1991) left the property at 282 Muntaner Street, including the garden and the entire contents of his extensive and valuable [&hellip;]<\/p>\n","protected":false},"author":1,"featured_media":0,"parent":0,"menu_order":0,"comment_status":"closed","ping_status":"closed","template":"","meta":{"_et_pb_use_builder":"on","_et_pb_old_content":"","_et_gb_content_width":"","footnotes":""},"class_list":["post-4945","page","type-page","status-publish","hentry"],"yoast_head":"<!-- This site is optimized with the Yoast SEO plugin v27.3 - https:\/\/yoast.com\/product\/yoast-seo-wordpress\/ -->\n<title>Home - Fundaci\u00f3 Julio Mu\u00f1oz Ramonet<\/title>\n<meta name=\"description\" content=\"Fundaci\u00f3 Julio Mu\u00f1oz Ramonet created in Barcelona in 1994. Fundaci\u00f3 Julio Mu\u00f1oz Ramonet The Foundation is committed to the conservation and maintenance of the facilities there with the benefit of its useful and public benefit, under the Patronat of the city of Barcelona.\" \/>\n<meta name=\"robots\" content=\"index, follow, max-snippet:-1, max-image-preview:large, max-video-preview:-1\" \/>\n<link rel=\"canonical\" href=\"https:\/\/fundaciojuliomunozramonet.org\/en\/\" \/>\n<meta property=\"og:locale\" content=\"en_US\" \/>\n<meta property=\"og:type\" content=\"article\" \/>\n<meta property=\"og:title\" content=\"Home - Fundaci\u00f3 Julio Mu\u00f1oz Ramonet\" \/>\n<meta property=\"og:description\" content=\"Fundaci\u00f3 Julio Mu\u00f1oz Ramonet created in Barcelona in 1994. Fundaci\u00f3 Julio Mu\u00f1oz Ramonet The Foundation is committed to the conservation and maintenance of the facilities there with the benefit of its useful and public benefit, under the Patronat of the city of Barcelona.\" \/>\n<meta property=\"og:url\" content=\"https:\/\/fundaciojuliomunozramonet.org\/en\/\" \/>\n<meta property=\"og:site_name\" content=\"Fundaci\u00f3 Julio Mu\u00f1oz Ramonet\" \/>\n<meta property=\"article:modified_time\" content=\"2026-04-09T13:22:54+00:00\" \/>\n<meta name=\"twitter:card\" content=\"summary_large_image\" \/>\n<meta name=\"twitter:label1\" content=\"Est. reading time\" \/>\n\t<meta name=\"twitter:data1\" content=\"2 minutes\" \/>\n<script type=\"application\/ld+json\" class=\"yoast-schema-graph\">{\"@context\":\"https:\\\/\\\/schema.org\",\"@graph\":[{\"@type\":\"WebPage\",\"@id\":\"https:\\\/\\\/fundaciojuliomunozramonet.org\\\/en\\\/\",\"url\":\"https:\\\/\\\/fundaciojuliomunozramonet.org\\\/en\\\/\",\"name\":\"Home - Fundaci\u00f3 Julio Mu\u00f1oz Ramonet\",\"isPartOf\":{\"@id\":\"https:\\\/\\\/fundaciojuliomunozramonet.org\\\/#website\"},\"datePublished\":\"2023-12-14T12:07:01+00:00\",\"dateModified\":\"2026-04-09T13:22:54+00:00\",\"description\":\"Fundaci\u00f3 Julio Mu\u00f1oz Ramonet created in Barcelona in 1994. Fundaci\u00f3 Julio Mu\u00f1oz Ramonet The Foundation is committed to the conservation and maintenance of the facilities there with the benefit of its useful and public benefit, under the Patronat of the city of Barcelona.\",\"breadcrumb\":{\"@id\":\"https:\\\/\\\/fundaciojuliomunozramonet.org\\\/en\\\/#breadcrumb\"},\"inLanguage\":\"en-US\",\"potentialAction\":[{\"@type\":\"ReadAction\",\"target\":[\"https:\\\/\\\/fundaciojuliomunozramonet.org\\\/en\\\/\"]}]},{\"@type\":\"BreadcrumbList\",\"@id\":\"https:\\\/\\\/fundaciojuliomunozramonet.org\\\/en\\\/#breadcrumb\",\"itemListElement\":[{\"@type\":\"ListItem\",\"position\":1,\"name\":\"Portada\",\"item\":\"https:\\\/\\\/fundaciojuliomunozramonet.org\\\/en\\\/\"},{\"@type\":\"ListItem\",\"position\":2,\"name\":\"Home\"}]},{\"@type\":\"WebSite\",\"@id\":\"https:\\\/\\\/fundaciojuliomunozramonet.org\\\/#website\",\"url\":\"https:\\\/\\\/fundaciojuliomunozramonet.org\\\/\",\"name\":\"Fundaci\u00f3 Julio Mu\u00f1oz Ramonet\",\"description\":\"Fundaci\u00f3 Julio Mu\u00f1oz Ramonet\",\"potentialAction\":[{\"@type\":\"SearchAction\",\"target\":{\"@type\":\"EntryPoint\",\"urlTemplate\":\"https:\\\/\\\/fundaciojuliomunozramonet.org\\\/?s={search_term_string}\"},\"query-input\":{\"@type\":\"PropertyValueSpecification\",\"valueRequired\":true,\"valueName\":\"search_term_string\"}}],\"inLanguage\":\"en-US\"}]}<\/script>\n<!-- \/ Yoast SEO plugin. -->","yoast_head_json":{"title":"Home - Fundaci\u00f3 Julio Mu\u00f1oz Ramonet","description":"Fundaci\u00f3 Julio Mu\u00f1oz Ramonet created in Barcelona in 1994. Fundaci\u00f3 Julio Mu\u00f1oz Ramonet The Foundation is committed to the conservation and maintenance of the facilities there with the benefit of its useful and public benefit, under the Patronat of the city of Barcelona.","robots":{"index":"index","follow":"follow","max-snippet":"max-snippet:-1","max-image-preview":"max-image-preview:large","max-video-preview":"max-video-preview:-1"},"canonical":"https:\/\/fundaciojuliomunozramonet.org\/en\/","og_locale":"en_US","og_type":"article","og_title":"Home - Fundaci\u00f3 Julio Mu\u00f1oz Ramonet","og_description":"Fundaci\u00f3 Julio Mu\u00f1oz Ramonet created in Barcelona in 1994. Fundaci\u00f3 Julio Mu\u00f1oz Ramonet The Foundation is committed to the conservation and maintenance of the facilities there with the benefit of its useful and public benefit, under the Patronat of the city of Barcelona.","og_url":"https:\/\/fundaciojuliomunozramonet.org\/en\/","og_site_name":"Fundaci\u00f3 Julio Mu\u00f1oz Ramonet","article_modified_time":"2026-04-09T13:22:54+00:00","twitter_card":"summary_large_image","twitter_misc":{"Est. reading time":"2 minutes"},"schema":{"@context":"https:\/\/schema.org","@graph":[{"@type":"WebPage","@id":"https:\/\/fundaciojuliomunozramonet.org\/en\/","url":"https:\/\/fundaciojuliomunozramonet.org\/en\/","name":"Home - Fundaci\u00f3 Julio Mu\u00f1oz Ramonet","isPartOf":{"@id":"https:\/\/fundaciojuliomunozramonet.org\/#website"},"datePublished":"2023-12-14T12:07:01+00:00","dateModified":"2026-04-09T13:22:54+00:00","description":"Fundaci\u00f3 Julio Mu\u00f1oz Ramonet created in Barcelona in 1994. Fundaci\u00f3 Julio Mu\u00f1oz Ramonet The Foundation is committed to the conservation and maintenance of the facilities there with the benefit of its useful and public benefit, under the Patronat of the city of Barcelona.","breadcrumb":{"@id":"https:\/\/fundaciojuliomunozramonet.org\/en\/#breadcrumb"},"inLanguage":"en-US","potentialAction":[{"@type":"ReadAction","target":["https:\/\/fundaciojuliomunozramonet.org\/en\/"]}]},{"@type":"BreadcrumbList","@id":"https:\/\/fundaciojuliomunozramonet.org\/en\/#breadcrumb","itemListElement":[{"@type":"ListItem","position":1,"name":"Portada","item":"https:\/\/fundaciojuliomunozramonet.org\/en\/"},{"@type":"ListItem","position":2,"name":"Home"}]},{"@type":"WebSite","@id":"https:\/\/fundaciojuliomunozramonet.org\/#website","url":"https:\/\/fundaciojuliomunozramonet.org\/","name":"Fundaci\u00f3 Julio Mu\u00f1oz Ramonet","description":"Fundaci\u00f3 Julio Mu\u00f1oz Ramonet","potentialAction":[{"@type":"SearchAction","target":{"@type":"EntryPoint","urlTemplate":"https:\/\/fundaciojuliomunozramonet.org\/?s={search_term_string}"},"query-input":{"@type":"PropertyValueSpecification","valueRequired":true,"valueName":"search_term_string"}}],"inLanguage":"en-US"}]}},"_links":{"self":[{"href":"https:\/\/fundaciojuliomunozramonet.org\/en\/wp-json\/wp\/v2\/pages\/4945","targetHints":{"allow":["GET"]}}],"collection":[{"href":"https:\/\/fundaciojuliomunozramonet.org\/en\/wp-json\/wp\/v2\/pages"}],"about":[{"href":"https:\/\/fundaciojuliomunozramonet.org\/en\/wp-json\/wp\/v2\/types\/page"}],"author":[{"embeddable":true,"href":"https:\/\/fundaciojuliomunozramonet.org\/en\/wp-json\/wp\/v2\/users\/1"}],"replies":[{"embeddable":true,"href":"https:\/\/fundaciojuliomunozramonet.org\/en\/wp-json\/wp\/v2\/comments?post=4945"}],"version-history":[{"count":40,"href":"https:\/\/fundaciojuliomunozramonet.org\/en\/wp-json\/wp\/v2\/pages\/4945\/revisions"}],"predecessor-version":[{"id":8397,"href":"https:\/\/fundaciojuliomunozramonet.org\/en\/wp-json\/wp\/v2\/pages\/4945\/revisions\/8397"}],"wp:attachment":[{"href":"https:\/\/fundaciojuliomunozramonet.org\/en\/wp-json\/wp\/v2\/media?parent=4945"}],"curies":[{"name":"wp","href":"https:\/\/api.w.org\/{rel}","templated":true}]}}