{"id":4741,"date":"2023-11-23T18:20:13","date_gmt":"2023-11-23T17:20:13","guid":{"rendered":"https:\/\/fundaciojuliomunozramonet.org\/the-spaces\/architecture\/"},"modified":"2023-11-23T18:20:26","modified_gmt":"2023-11-23T17:20:26","slug":"architecture","status":"publish","type":"page","link":"https:\/\/fundaciojuliomunozramonet.org\/en\/the-spaces\/architecture\/","title":{"rendered":"Architecture"},"content":{"rendered":"<p>[et_pb_section fb_built=&#8221;1&#8243; fullwidth=&#8221;on&#8221; _builder_version=&#8221;4.21.0&#8243; _module_preset=&#8221;default&#8221; background_color=&#8221;#F6F5EE&#8221; locked=&#8221;off&#8221; global_colors_info=&#8221;{}&#8221;][et_pb_fullwidth_header title=&#8221;Architecture&#8221; content_max_width_tablet=&#8221;&#8221; content_max_width_phone=&#8221;100%&#8221; content_max_width_last_edited=&#8221;on|phone&#8221; _builder_version=&#8221;4.21.0&#8243; _module_preset=&#8221;default&#8221; title_font=&#8221;||||||||&#8221; title_text_align=&#8221;center&#8221; title_text_color=&#8221;#FFFFFF&#8221; custom_padding=&#8221;||||false|false&#8221; animation_style=&#8221;slide&#8221; animation_direction=&#8221;top&#8221; animation_starting_opacity=&#8221;50%&#8221; animation_speed_curve=&#8221;linear&#8221; border_radii=&#8221;off|||50px|&#8221; global_colors_info=&#8221;{}&#8221;][\/et_pb_fullwidth_header][\/et_pb_section][et_pb_section fb_built=&#8221;1&#8243; admin_label=&#8221;section&#8221; _builder_version=&#8221;4.21.0&#8243; background_color=&#8221;#F6F5EE&#8221; locked=&#8221;off&#8221; global_colors_info=&#8221;{}&#8221;][et_pb_row make_equal=&#8221;on&#8221; admin_label=&#8221;row&#8221; _builder_version=&#8221;4.21.0&#8243; background_size=&#8221;initial&#8221; background_position=&#8221;top_left&#8221; background_repeat=&#8221;repeat&#8221; global_colors_info=&#8221;{}&#8221;][et_pb_column type=&#8221;4_4&#8243; _builder_version=&#8221;4.16&#8243; custom_padding=&#8221;|||&#8221; global_colors_info=&#8221;{}&#8221; custom_padding__hover=&#8221;|||&#8221;][et_pb_text admin_label=&#8221;Titol: Un nou paradigma de ciutat&#8221; _builder_version=&#8221;4.21.0&#8243; _module_preset=&#8221;default&#8221; header_2_font=&#8221;||||||||&#8221; header_2_text_color=&#8221;#FF5562&#8243; global_colors_info=&#8221;{}&#8221;]<\/p>\n<h2>A new paradigm for the city<\/h2>\n<p>[\/et_pb_text][et_pb_divider divider_position=&#8221;center&#8221; _builder_version=&#8221;4.21.0&#8243; _module_preset=&#8221;default&#8221; global_colors_info=&#8221;{}&#8221;][\/et_pb_divider][\/et_pb_column][\/et_pb_row][et_pb_row column_structure=&#8221;1_2,1_2&#8243; make_equal=&#8221;on&#8221; _builder_version=&#8221;4.21.0&#8243; _module_preset=&#8221;default&#8221; custom_css_main_element=&#8221;align-items: center;&#8221; global_colors_info=&#8221;{}&#8221;][et_pb_column type=&#8221;1_2&#8243; _builder_version=&#8221;4.21.0&#8243; _module_preset=&#8221;default&#8221; global_colors_info=&#8221;{}&#8221;][et_pb_text admin_label=&#8221;Text: Un nou paradigma de ciutat&#8221; _builder_version=&#8221;4.22.1&#8243; _module_preset=&#8221;default&#8221; text_font=&#8221;||||||||&#8221; text_text_color=&#8221;#000000&#8243; header_text_color=&#8221;#000000&#8243; global_colors_info=&#8221;{}&#8221;]<\/p>\n<p><span class='et-dropcap'>T<\/span>he property is testament to the opulence of the Catalan bourgeoisie around the turn of the century, when Sant Gervasi became an area filled with single-family houses with gardens. It is also one of a few of those early twentieth-century homes that still remains almost entirely intact.<\/p>\n<p>When the nineteenth century was drawing to a close and the Industrial Revolution had created a strong, wealthy bourgeoisie, Barcelona\u2019s high society were starting to move in to their own properties in the city. The opening of the Sarri\u00e0 train in 1863 enabled many well-off families to move residence to the uptown area.<\/p>\n<p>Textile magnate Ferran Fabra i Puig (1866\u20131944), the second Marquis of Alella and mayor of Barcelona (1922), bought a large plot of land on Carrer de Muntaner \u2013 between Carrer de Mari\u00e0 Cub\u00ed and Carrer de l\u2019Avenir \u2013 and commissioned the architect Enric Sagnier i Villavecchia (1858\u20131931) to build on it between 1917 and 1922. The project consisted of various houses: the main house on Carrer de Muntaner for Fabra i Puig himself, another on Carrer de l\u2019Avenir for his daughter, and two more on Carrer de Mari\u00e0 Cub\u00ed for his sons, which were later sold by their descendants. Sagnier added the porter\u2019s lodge to the property in 1921.<\/p>\n<p>In 1945, the marquis\u2019s granddaughters sold the plot as we know it today \u2013 with its fence and the buildings still standing now \u2013 to the brothers Julio and \u00c1lvaro Mu\u00f1oz Ramonet. Years later, Julio bought his brother\u2019s share, thus becoming the sole owner of the property in 1952.<\/p>\n<p>[\/et_pb_text][\/et_pb_column][et_pb_column type=&#8221;1_2&#8243; _builder_version=&#8221;4.21.0&#8243; _module_preset=&#8221;default&#8221; global_colors_info=&#8221;{}&#8221;][et_pb_image src=&#8221;https:\/\/fundaciojuliomunozramonet.org\/wp-content\/uploads\/2023\/06\/fundacio-julio-munoz-ramonet-arquitectura-4.jpg&#8221; title_text=&#8221;fundacio-julio-mun\u0303oz-ramonet-arquitectura-4&#8243; show_in_lightbox=&#8221;on&#8221; _builder_version=&#8221;4.21.0&#8243; _module_preset=&#8221;default&#8221; animation_style=&#8221;slide&#8221; global_colors_info=&#8221;{}&#8221;][\/et_pb_image][\/et_pb_column][\/et_pb_row][\/et_pb_section][et_pb_section fb_built=&#8221;1&#8243; admin_label=&#8221;section&#8221; _builder_version=&#8221;4.21.0&#8243; background_color=&#8221;#FFFFFF&#8221; locked=&#8221;off&#8221; global_colors_info=&#8221;{}&#8221;][et_pb_row admin_label=&#8221;row&#8221; _builder_version=&#8221;4.16&#8243; background_size=&#8221;initial&#8221; background_position=&#8221;top_left&#8221; background_repeat=&#8221;repeat&#8221; global_colors_info=&#8221;{}&#8221;][et_pb_column type=&#8221;4_4&#8243; _builder_version=&#8221;4.16&#8243; custom_padding=&#8221;|||&#8221; global_colors_info=&#8221;{}&#8221; custom_padding__hover=&#8221;|||&#8221;][et_pb_text admin_label=&#8221;Titol: Sagnier i la tradici\u00f3 noucentista&#8221; _builder_version=&#8221;4.21.0&#8243; _module_preset=&#8221;default&#8221; header_2_font=&#8221;||||||||&#8221; header_2_text_color=&#8221;#FF5562&#8243; global_colors_info=&#8221;{}&#8221;]<\/p>\n<h2>Sagnier and the Noucentista tradition<\/h2>\n<p>[\/et_pb_text][et_pb_divider divider_position=&#8221;center&#8221; _builder_version=&#8221;4.21.0&#8243; _module_preset=&#8221;default&#8221; global_colors_info=&#8221;{}&#8221;][\/et_pb_divider][\/et_pb_column][\/et_pb_row][et_pb_row column_structure=&#8221;1_2,1_2&#8243; _builder_version=&#8221;4.21.0&#8243; _module_preset=&#8221;default&#8221; global_colors_info=&#8221;{}&#8221;][et_pb_column type=&#8221;1_2&#8243; _builder_version=&#8221;4.21.0&#8243; _module_preset=&#8221;default&#8221; global_colors_info=&#8221;{}&#8221;][et_pb_text admin_label=&#8221;Text: Sagnier i la tradici\u00f3 noucentista&#8221; _builder_version=&#8221;4.22.1&#8243; _module_preset=&#8221;default&#8221; text_font=&#8221;||||||||&#8221; text_text_color=&#8221;#000000&#8243; header_text_color=&#8221;#000000&#8243; global_colors_info=&#8221;{}&#8221;]<\/p>\n<p><span class='et-dropcap'>T<\/span>he Renaissance-inspired main house has an area of 2,100 square metres divided into four storeys and a roof terrace with two towers. In the middle of the main fa\u00e7ade, the most decorated one, is a triple arcade that looks onto the garden under a balcony with stone bannisters and an upper floor with a gallery that used to be open and features semicircular arches. Here, Sagnier played with openings framed by volutes and sculpted stone corbels, as well as with finials on the towers on the roof terrace, and with balustrades and cornices that evoke the Plateresque tradition of Castilian architecture. The finish on the fa\u00e7ades maintains a neat, classicist style characteristic both of Noucentisme and the architect in the buildings he designed during that period. Finally, the perimeter of the building is surrounded by a sunken courtyard topped by wrought-iron railings, which brings natural light into the basement.<\/p>\n<p>[\/et_pb_text][\/et_pb_column][et_pb_column type=&#8221;1_2&#8243; _builder_version=&#8221;4.21.0&#8243; _module_preset=&#8221;default&#8221; global_colors_info=&#8221;{}&#8221;][et_pb_text admin_label=&#8221;Text: Sagnier i la tradici\u00f3 noucentista&#8221; _builder_version=&#8221;4.22.1&#8243; _module_preset=&#8221;default&#8221; text_font=&#8221;||||||||&#8221; text_text_color=&#8221;#000000&#8243; header_text_color=&#8221;#000000&#8243; global_colors_info=&#8221;{}&#8221;]<\/p>\n<p>Once he had bought the property, Mu\u00f1oz Ramonet made several changes to the main house, such as adding a floor above the entrance porch and covering the exterior gallery on the second floor. But besides that, practically all of the original structure from Sagnier\u2019s project has been preserved. The Marquis of Alella\u2019s coat of arms is visible on the middle balcony on the first floor, surrounded by volutes and acanthus leaves. There are also outdoor lights, wrought-iron railings and wooden doors, all from the first quarter of the twentieth century.<\/p>\n<p>Surrounded by the garden that creates symmetries with the buildings, visitors can get lost in the simple majesty of all the architectural details and dive into another time.<\/p>\n<p>[\/et_pb_text][\/et_pb_column][\/et_pb_row][et_pb_row column_structure=&#8221;3_4,1_4&#8243; _builder_version=&#8221;4.21.0&#8243; _module_preset=&#8221;default&#8221; custom_css_main_element=&#8221;align-items: center;&#8221; global_colors_info=&#8221;{}&#8221;][et_pb_column type=&#8221;3_4&#8243; _builder_version=&#8221;4.21.0&#8243; _module_preset=&#8221;default&#8221; global_colors_info=&#8221;{}&#8221;][et_pb_image src=&#8221;https:\/\/fundaciojuliomunozramonet.org\/wp-content\/uploads\/2023\/06\/fundacio-julio-munoz-ramonet-arquitectura-5-1.jpg&#8221; title_text=&#8221;fundacio-julio-mun\u0303oz-ramonet-arquitectura-5&#8243; show_in_lightbox=&#8221;on&#8221; admin_label=&#8221;Imagen: edifici&#8221; _builder_version=&#8221;4.21.0&#8243; _module_preset=&#8221;default&#8221; animation_style=&#8221;slide&#8221; global_colors_info=&#8221;{}&#8221;][\/et_pb_image][\/et_pb_column][et_pb_column type=&#8221;1_4&#8243; _builder_version=&#8221;4.21.0&#8243; _module_preset=&#8221;default&#8221; global_colors_info=&#8221;{}&#8221;][et_pb_image src=&#8221;https:\/\/fundaciojuliomunozramonet.org\/wp-content\/uploads\/2023\/06\/fundacio-julio-munoz-ramonet-arquitectura-1.jpg&#8221; title_text=&#8221;fundacio-julio-mun\u0303oz-ramonet-arquitectura-1&#8243; show_in_lightbox=&#8221;on&#8221; admin_label=&#8221;Imagen: Sagnier fachada&#8221; _builder_version=&#8221;4.21.0&#8243; _module_preset=&#8221;default&#8221; animation_style=&#8221;slide&#8221; global_colors_info=&#8221;{}&#8221;][\/et_pb_image][et_pb_image src=&#8221;https:\/\/fundaciojuliomunozramonet.org\/wp-content\/uploads\/2023\/06\/fundacio-julio-munoz-ramonet-arquitectura-6.jpg&#8221; title_text=&#8221;fundacio-julio-mun\u0303oz-ramonet-arquitectura-6&#8243; show_in_lightbox=&#8221;on&#8221; admin_label=&#8221;Imagen: Sagnier fachada&#8221; _builder_version=&#8221;4.21.0&#8243; _module_preset=&#8221;default&#8221; animation_style=&#8221;slide&#8221; global_colors_info=&#8221;{}&#8221;][\/et_pb_image][\/et_pb_column][\/et_pb_row][\/et_pb_section][et_pb_section fb_built=&#8221;1&#8243; admin_label=&#8221;section&#8221; _builder_version=&#8221;4.21.0&#8243; background_color=&#8221;#F6F5EE&#8221; locked=&#8221;off&#8221; global_colors_info=&#8221;{}&#8221;][et_pb_row admin_label=&#8221;row&#8221; _builder_version=&#8221;4.16&#8243; background_size=&#8221;initial&#8221; background_position=&#8221;top_left&#8221; background_repeat=&#8221;repeat&#8221; global_colors_info=&#8221;{}&#8221;][et_pb_column type=&#8221;4_4&#8243; _builder_version=&#8221;4.16&#8243; custom_padding=&#8221;|||&#8221; global_colors_info=&#8221;{}&#8221; custom_padding__hover=&#8221;|||&#8221;][et_pb_text admin_label=&#8221;Titol: La torre del carrer de l\u2019Avenir&#8221; _builder_version=&#8221;4.21.0&#8243; _module_preset=&#8221;default&#8221; header_2_font=&#8221;||||||||&#8221; header_2_text_color=&#8221;#FF5562&#8243; global_colors_info=&#8221;{}&#8221;]<\/p>\n<h2>The house on Carrer de l\u2019Avenir<\/h2>\n<p>[\/et_pb_text][et_pb_divider divider_position=&#8221;center&#8221; _builder_version=&#8221;4.21.0&#8243; _module_preset=&#8221;default&#8221; global_colors_info=&#8221;{}&#8221;][\/et_pb_divider][\/et_pb_column][\/et_pb_row][et_pb_row column_structure=&#8221;1_2,1_2&#8243; _builder_version=&#8221;4.21.0&#8243; _module_preset=&#8221;default&#8221; custom_css_main_element=&#8221;align-items: flex-end;&#8221; global_colors_info=&#8221;{}&#8221;][et_pb_column type=&#8221;1_2&#8243; _builder_version=&#8221;4.21.0&#8243; _module_preset=&#8221;default&#8221; global_colors_info=&#8221;{}&#8221;][et_pb_text admin_label=&#8221;Text: La torre del carrer de l\u2019Avenir&#8221; _builder_version=&#8221;4.22.1&#8243; _module_preset=&#8221;default&#8221; text_font=&#8221;||||||||&#8221; text_text_color=&#8221;#000000&#8243; header_text_color=&#8221;#000000&#8243; hover_enabled=&#8221;0&#8243; global_colors_info=&#8221;{}&#8221; sticky_enabled=&#8221;0&#8243;]<\/p>\n<p><span class='et-dropcap'>A<\/span>lso known as the Torre In\u00e9s Fabra, the house with an entrance on Carrer de l\u2019Avenir was built for the marquis\u2019s daughter. It has an area of over 820 square metres and four storeys. Enric Sagnier designed a classical-style, Neo-Renaissance building influenced by the French tradition of urban, bourgeois architecture and of <em>h\u00f4tels particuliers<\/em>.<\/p>\n<p>Built with a hip roof, its fa\u00e7ades are symmetrical and the rooms are arranged harmoniously around a central, open space and a grand staircase. The interior is made up of large, regular spaces organised in a simple, orderly fashion that always meet at the centre, the hall for each floor, with a straightforward, rational structure.<\/p>\n<p>This internal order is expressed on the outside through the building\u2019s openings, which are placed along vertical axes. The sense of verticality is emphasised by the pilasters embedded on the walls, made from textured stucco imitating stone ashlar, which appear to support the cornice crowning the building. It is worth noting the quality finish on the framing, consisting of moulded stucco displaying a repertoire of classical elements including pilasters, capitals, acanthus leaf corbels, friezes and Corinthian-inspired modillions. The main entrance fa\u00e7ade incorporates a set of three stained-glass windows of great artistic importance, attributed to the company Rigalt, Granell &#038; Cia.<\/p>\n<p>&nbsp;<\/p>\n<p>[\/et_pb_text][et_pb_image src=&#8221;https:\/\/fundaciojuliomunozramonet.org\/wp-content\/uploads\/2023\/06\/fundacio-julio-munoz-ramonet-arquitectura-10.jpg&#8221; title_text=&#8221;fundacio-julio-mun\u0303oz-ramonet-arquitectura-10&#8243; show_in_lightbox=&#8221;on&#8221; admin_label=&#8221;Imagen: Avenir escala&#8221; _builder_version=&#8221;4.21.0&#8243; _module_preset=&#8221;default&#8221; animation_style=&#8221;slide&#8221; border_radii=&#8221;off||50px||&#8221; global_colors_info=&#8221;{}&#8221;][\/et_pb_image][\/et_pb_column][et_pb_column type=&#8221;1_2&#8243; _builder_version=&#8221;4.21.0&#8243; _module_preset=&#8221;default&#8221; global_colors_info=&#8221;{}&#8221;][et_pb_image src=&#8221;https:\/\/fundaciojuliomunozramonet.org\/wp-content\/uploads\/2023\/06\/fundacio-julio-munoz-ramonet-arquitectura-11.jpg&#8221; title_text=&#8221;fundacio-julio-mun\u0303oz-ramonet-arquitectura-11&#8243; show_in_lightbox=&#8221;on&#8221; admin_label=&#8221;Imagen: Avenir vitrall&#8221; _builder_version=&#8221;4.21.0&#8243; _module_preset=&#8221;default&#8221; animation_style=&#8221;slide&#8221; border_radii=&#8221;off||50px||&#8221; global_colors_info=&#8221;{}&#8221;][\/et_pb_image][et_pb_text admin_label=&#8221;Text: La torre del carrer de l\u2019Avenir&#8221; _builder_version=&#8221;4.22.1&#8243; _module_preset=&#8221;default&#8221; text_font=&#8221;||||||||&#8221; text_text_color=&#8221;#000000&#8243; header_text_color=&#8221;#000000&#8243; hover_enabled=&#8221;0&#8243; global_colors_info=&#8221;{}&#8221; sticky_enabled=&#8221;0&#8243;]<\/p>\n<p>As he did with the main house, when Mu\u00f1oz Ramonet acquired the property, he maintained the architectural structure of the interior layout but tasked Antonio Herr\u00e1iz with the redecoration project. Still remaining from this renovation project are the grey marble slab and parquet flooring, as well as wooden cladding and doors, plaster mouldings (on the walls, ceilings and the main staircase) and a large cut-glass chandelier that dominates the first two floors. Another noteworthy detail is the delicate decoration in the <em>salonet<\/em> or lounge on the first floor, with rocaille and high-relief sculpted birds.<\/p>\n<p>Julio Mu\u00f1oz kept the house for his mother, Florinda Ramonet Sindreu, to live in. When she died, the private rooms and bedrooms were turned into offices and meeting rooms for the family\u2019s companies.<\/p>\n<p>[\/et_pb_text][et_pb_image src=&#8221;https:\/\/fundaciojuliomunozramonet.org\/wp-content\/uploads\/2023\/06\/fundacio-julio-munoz-ramonet-arquitectura-9.jpg&#8221; title_text=&#8221;fundacio-julio-mun\u0303oz-ramonet-arquitectura-9&#8243; show_in_lightbox=&#8221;on&#8221; admin_label=&#8221;Imagen: Avenir escaiola&#8221; _builder_version=&#8221;4.21.0&#8243; _module_preset=&#8221;default&#8221; animation_style=&#8221;slide&#8221; border_radii=&#8221;off||50px||&#8221; global_colors_info=&#8221;{}&#8221;][\/et_pb_image][\/et_pb_column][\/et_pb_row][\/et_pb_section]<\/p>\n","protected":false},"excerpt":{"rendered":"<p>A new paradigm for the city<span class='et-dropcap'>T<\/span>he property is testament to the opulence of the Catalan bourgeoisie around the turn of the century, when Sant Gervasi became an area filled with single-family houses with gardens. It is also one of a few of those early twentieth-century homes that still remains almost entirely intact. When the nineteenth [&hellip;]<\/p>\n","protected":false},"author":1,"featured_media":0,"parent":4739,"menu_order":0,"comment_status":"closed","ping_status":"closed","template":"","meta":{"_et_pb_use_builder":"on","_et_pb_old_content":"","_et_gb_content_width":"","footnotes":""},"class_list":["post-4741","page","type-page","status-publish","hentry"],"yoast_head":"<!-- This site is optimized with the Yoast SEO plugin v27.3 - https:\/\/yoast.com\/product\/yoast-seo-wordpress\/ -->\n<title>Architecture - Fundaci\u00f3 Julio Mu\u00f1oz Ramonet<\/title>\n<meta name=\"robots\" content=\"index, follow, max-snippet:-1, max-image-preview:large, max-video-preview:-1\" \/>\n<link rel=\"canonical\" href=\"https:\/\/fundaciojuliomunozramonet.org\/en\/the-spaces\/architecture\/\" \/>\n<meta property=\"og:locale\" content=\"en_US\" \/>\n<meta property=\"og:type\" content=\"article\" \/>\n<meta property=\"og:title\" content=\"Architecture - Fundaci\u00f3 Julio Mu\u00f1oz Ramonet\" \/>\n<meta property=\"og:description\" content=\"A new paradigm for the cityhe property is testament to the opulence of the Catalan bourgeoisie around the turn of the century, when Sant Gervasi became an area filled with single-family houses with gardens. It is also one of a few of those early twentieth-century homes that still remains almost entirely intact. When the nineteenth [&hellip;]\" \/>\n<meta property=\"og:url\" content=\"https:\/\/fundaciojuliomunozramonet.org\/en\/the-spaces\/architecture\/\" \/>\n<meta property=\"og:site_name\" content=\"Fundaci\u00f3 Julio Mu\u00f1oz Ramonet\" \/>\n<meta property=\"article:modified_time\" content=\"2023-11-23T17:20:26+00:00\" \/>\n<meta name=\"twitter:card\" content=\"summary_large_image\" \/>\n<meta name=\"twitter:label1\" content=\"Est. reading time\" \/>\n\t<meta name=\"twitter:data1\" content=\"10 minutes\" \/>\n<script type=\"application\/ld+json\" class=\"yoast-schema-graph\">{\"@context\":\"https:\\\/\\\/schema.org\",\"@graph\":[{\"@type\":\"WebPage\",\"@id\":\"https:\\\/\\\/fundaciojuliomunozramonet.org\\\/en\\\/the-spaces\\\/architecture\\\/\",\"url\":\"https:\\\/\\\/fundaciojuliomunozramonet.org\\\/en\\\/the-spaces\\\/architecture\\\/\",\"name\":\"Architecture - Fundaci\u00f3 Julio Mu\u00f1oz Ramonet\",\"isPartOf\":{\"@id\":\"https:\\\/\\\/fundaciojuliomunozramonet.org\\\/#website\"},\"datePublished\":\"2023-11-23T17:20:13+00:00\",\"dateModified\":\"2023-11-23T17:20:26+00:00\",\"breadcrumb\":{\"@id\":\"https:\\\/\\\/fundaciojuliomunozramonet.org\\\/en\\\/the-spaces\\\/architecture\\\/#breadcrumb\"},\"inLanguage\":\"en-US\",\"potentialAction\":[{\"@type\":\"ReadAction\",\"target\":[\"https:\\\/\\\/fundaciojuliomunozramonet.org\\\/en\\\/the-spaces\\\/architecture\\\/\"]}]},{\"@type\":\"BreadcrumbList\",\"@id\":\"https:\\\/\\\/fundaciojuliomunozramonet.org\\\/en\\\/the-spaces\\\/architecture\\\/#breadcrumb\",\"itemListElement\":[{\"@type\":\"ListItem\",\"position\":1,\"name\":\"Portada\",\"item\":\"https:\\\/\\\/fundaciojuliomunozramonet.org\\\/en\\\/\"},{\"@type\":\"ListItem\",\"position\":2,\"name\":\"The spaces\",\"item\":\"https:\\\/\\\/fundaciojuliomunozramonet.org\\\/en\\\/the-spaces\\\/\"},{\"@type\":\"ListItem\",\"position\":3,\"name\":\"Architecture\"}]},{\"@type\":\"WebSite\",\"@id\":\"https:\\\/\\\/fundaciojuliomunozramonet.org\\\/#website\",\"url\":\"https:\\\/\\\/fundaciojuliomunozramonet.org\\\/\",\"name\":\"Fundaci\u00f3 Julio Mu\u00f1oz Ramonet\",\"description\":\"Fundaci\u00f3 Julio Mu\u00f1oz Ramonet\",\"potentialAction\":[{\"@type\":\"SearchAction\",\"target\":{\"@type\":\"EntryPoint\",\"urlTemplate\":\"https:\\\/\\\/fundaciojuliomunozramonet.org\\\/?s={search_term_string}\"},\"query-input\":{\"@type\":\"PropertyValueSpecification\",\"valueRequired\":true,\"valueName\":\"search_term_string\"}}],\"inLanguage\":\"en-US\"}]}<\/script>\n<!-- \/ Yoast SEO plugin. -->","yoast_head_json":{"title":"Architecture - Fundaci\u00f3 Julio Mu\u00f1oz Ramonet","robots":{"index":"index","follow":"follow","max-snippet":"max-snippet:-1","max-image-preview":"max-image-preview:large","max-video-preview":"max-video-preview:-1"},"canonical":"https:\/\/fundaciojuliomunozramonet.org\/en\/the-spaces\/architecture\/","og_locale":"en_US","og_type":"article","og_title":"Architecture - Fundaci\u00f3 Julio Mu\u00f1oz Ramonet","og_description":"A new paradigm for the cityhe property is testament to the opulence of the Catalan bourgeoisie around the turn of the century, when Sant Gervasi became an area filled with single-family houses with gardens. It is also one of a few of those early twentieth-century homes that still remains almost entirely intact. When the nineteenth [&hellip;]","og_url":"https:\/\/fundaciojuliomunozramonet.org\/en\/the-spaces\/architecture\/","og_site_name":"Fundaci\u00f3 Julio Mu\u00f1oz Ramonet","article_modified_time":"2023-11-23T17:20:26+00:00","twitter_card":"summary_large_image","twitter_misc":{"Est. reading time":"10 minutes"},"schema":{"@context":"https:\/\/schema.org","@graph":[{"@type":"WebPage","@id":"https:\/\/fundaciojuliomunozramonet.org\/en\/the-spaces\/architecture\/","url":"https:\/\/fundaciojuliomunozramonet.org\/en\/the-spaces\/architecture\/","name":"Architecture - Fundaci\u00f3 Julio Mu\u00f1oz Ramonet","isPartOf":{"@id":"https:\/\/fundaciojuliomunozramonet.org\/#website"},"datePublished":"2023-11-23T17:20:13+00:00","dateModified":"2023-11-23T17:20:26+00:00","breadcrumb":{"@id":"https:\/\/fundaciojuliomunozramonet.org\/en\/the-spaces\/architecture\/#breadcrumb"},"inLanguage":"en-US","potentialAction":[{"@type":"ReadAction","target":["https:\/\/fundaciojuliomunozramonet.org\/en\/the-spaces\/architecture\/"]}]},{"@type":"BreadcrumbList","@id":"https:\/\/fundaciojuliomunozramonet.org\/en\/the-spaces\/architecture\/#breadcrumb","itemListElement":[{"@type":"ListItem","position":1,"name":"Portada","item":"https:\/\/fundaciojuliomunozramonet.org\/en\/"},{"@type":"ListItem","position":2,"name":"The spaces","item":"https:\/\/fundaciojuliomunozramonet.org\/en\/the-spaces\/"},{"@type":"ListItem","position":3,"name":"Architecture"}]},{"@type":"WebSite","@id":"https:\/\/fundaciojuliomunozramonet.org\/#website","url":"https:\/\/fundaciojuliomunozramonet.org\/","name":"Fundaci\u00f3 Julio Mu\u00f1oz Ramonet","description":"Fundaci\u00f3 Julio Mu\u00f1oz Ramonet","potentialAction":[{"@type":"SearchAction","target":{"@type":"EntryPoint","urlTemplate":"https:\/\/fundaciojuliomunozramonet.org\/?s={search_term_string}"},"query-input":{"@type":"PropertyValueSpecification","valueRequired":true,"valueName":"search_term_string"}}],"inLanguage":"en-US"}]}},"_links":{"self":[{"href":"https:\/\/fundaciojuliomunozramonet.org\/en\/wp-json\/wp\/v2\/pages\/4741","targetHints":{"allow":["GET"]}}],"collection":[{"href":"https:\/\/fundaciojuliomunozramonet.org\/en\/wp-json\/wp\/v2\/pages"}],"about":[{"href":"https:\/\/fundaciojuliomunozramonet.org\/en\/wp-json\/wp\/v2\/types\/page"}],"author":[{"embeddable":true,"href":"https:\/\/fundaciojuliomunozramonet.org\/en\/wp-json\/wp\/v2\/users\/1"}],"replies":[{"embeddable":true,"href":"https:\/\/fundaciojuliomunozramonet.org\/en\/wp-json\/wp\/v2\/comments?post=4741"}],"version-history":[{"count":5,"href":"https:\/\/fundaciojuliomunozramonet.org\/en\/wp-json\/wp\/v2\/pages\/4741\/revisions"}],"predecessor-version":[{"id":4746,"href":"https:\/\/fundaciojuliomunozramonet.org\/en\/wp-json\/wp\/v2\/pages\/4741\/revisions\/4746"}],"up":[{"embeddable":true,"href":"https:\/\/fundaciojuliomunozramonet.org\/en\/wp-json\/wp\/v2\/pages\/4739"}],"wp:attachment":[{"href":"https:\/\/fundaciojuliomunozramonet.org\/en\/wp-json\/wp\/v2\/media?parent=4741"}],"curies":[{"name":"wp","href":"https:\/\/api.w.org\/{rel}","templated":true}]}}